{"id":593,"date":"2020-12-16T20:23:44","date_gmt":"2020-12-16T20:23:44","guid":{"rendered":"http:\/\/salud.marcolozada.com\/?page_id=593"},"modified":"2024-03-28T01:20:08","modified_gmt":"2024-03-28T01:20:08","slug":"anti-anging-4ever","status":"publish","type":"page","link":"https:\/\/salud.marcolozada.com\/index.php\/anti-anging-4ever\/","title":{"rendered":"Anti &#8211; Anging 4ever"},"content":{"rendered":"\t\t<div data-elementor-type=\"wp-page\" data-elementor-id=\"593\" class=\"elementor elementor-593\">\n\t\t\t\t\t\t<section class=\"elementor-section elementor-top-section elementor-element elementor-element-6c6cd09 elementor-section-boxed elementor-section-height-default elementor-section-height-default\" data-id=\"6c6cd09\" data-element_type=\"section\" data-e-type=\"section\">\n\t\t\t\t\t\t<div class=\"elementor-container elementor-column-gap-default\">\n\t\t\t\t\t<div class=\"elementor-column elementor-col-66 elementor-top-column elementor-element elementor-element-5b50078\" data-id=\"5b50078\" data-element_type=\"column\" data-e-type=\"column\">\n\t\t\t<div class=\"elementor-widget-wrap elementor-element-populated\">\n\t\t\t\t\t\t<div class=\"elementor-element elementor-element-46a8360 elementor-widget elementor-widget-text-editor\" data-id=\"46a8360\" data-element_type=\"widget\" data-e-type=\"widget\" data-widget_type=\"text-editor.default\">\n\t\t\t\t<div class=\"elementor-widget-container\">\n\t\t\t\t\t\t\t\t\t<h4><strong>El nutritivo cuidado de cara\u00a0 24 horas para la ma\u00f1ana y noche ayuda a mantener la juventud de su piel a medio y largo plazo \u2013 para efectos antienvejecimiento visibles. D\u00eda a d\u00eda su piel ganar\u00e1 en suavidad y bienestar y el contorno facial parece que se remodela.<\/strong><\/h4><p>\u00a0<\/p><p>Cuando se utiliza con regularidad este es su resultado:<br \/>\u2022 ayuda a disminuir\u00a0 arruguitas y finas l\u00edneas de expresi\u00f3n<br \/>\u2022 ayuda a la firmeza y elasticidad de la piel<br \/>\u2022 refina\u00a0 los poros<br \/>\u2022 favorece la uniformidad del tono de piel<br \/>\u2022 favorece la uniformidad de la estructura de la piel<br \/>\u2022\u00a0 mejora el contenido de humedad de la piel<br \/>\u2022 \u00a0para un cutis radiante<\/p><p>Nuestro consejo especial: Recomendamos utilizar a continuaci\u00f3n Ultimate Young con efectos inmediatos!<\/p><h4 class=\"blue\">Modo de empleo<\/h4><div><p>Aplicar por la ma\u00f1ana y por la noche sobre la piel limpia en cara, cuello y escote y masajear suavemente. Destacamos y recomendamos su utilizaci\u00f3n conjunta con Ultimate Young\u00a0 con efectos inmediatos.\u00a0<\/p><\/div><h4 class=\"blue\">Componentes<\/h4><p>Agua, Metoxicinamato de etilhexilo, Benzoato de alquilo C12-15, Glicerina, Undecano, Tridecano, Acacia Decurrens\/Jojoba (Buxus chinensis)\/ Cera de Semilla de girasol (Helianthus annuus)\/\u00c9steres de Poliglicerilo-3, Caprilato de propilheptilo, S\u00edlice, Bis-Etilhexiloxifenol metoxifenil Triazina, Estearato de glicerilo, Alcohol cetear\u00edlico, Alcoholes 12-16, Glic\u00e9ridos de palma hidrogenados,\u00a0 Glic\u00e9ridos de almendra de palma hidrogenados, Diestearato pentaeritri-tilo, poliglicerilo-6 palmitato\/Succinato, Extracto de la flor de madreselva (Lonicera caprifolium), Extracto de raiz de Jengibre (Zingiber\u00a0 Officinale), Hialuronato de sodio, Lecitina hidrogenada, Extracto de resina del \u00e1rbol de mirra (Commifhora mukul), Ubiquinona, extracto de pi\u00f1a (Ananas sativus), Extracto de la flor de Ylang Ylang (Cananga odorata), Extracto de la c\u00e1scara de toronja (Citrus grandis), Extracto de coco (Cocos nucifera), Extracto de semilla de caf\u00e9 ar\u00e1bigo (Coffea), Extracto de pepino (Cucumis sativus), Extracto de la fruta de la flor de la pasi\u00f3n (Passiflora incarnata), Extracto de rosa, Extracto de frambuesa (Rubus idaeus),\u00a0 Extracto de Vainilla (Vanilla planifolia),\u00a0 Urea, Extracto de Cebada (Hordeum vulgare), Extracto de Trigo (Triticum vulgare), Extracto de c\u00e1scara de lim\u00f3n (Citrus limon), Extracto de Mel\u00f3n cantalupo (Cucumis melo),\u00a0 Extracto de albaricoque (Prunus armeniaca), Extracto de Manzana (Pyrus malus), Extracto de la madera de S\u00e1ndalo, (Santalum album),\u00a0 extracto de la hoja de t\u00e9 verde (Camelia cinensis), Extracto de la c\u00e1s-cara de naranja (Citrus aurantium dulcis),\u00a0 Extracto de Moringa (Moringa pterygosperma), \u00c1cido palm\u00edtico, Pentilen glicol, Acetato de tocoferilo, Triglic\u00e9rido Capr\u00edlico\/C\u00e1prico, Tocoferol,\u00a0 \u00c1cido C\u00edtrico, Fructosa, Cloruro de sodio, Glicoesfingol\u00edpidos, Aceite de semilla de Girasol (Helianthus Annuus), Alanto\u00edna, Lecitina, Ergothioneine, Tetrahidropiperine, Maltosa, Hidr\u00f3xido de sodio, Lactato de sodio, PCA s\u00f3dico, CI\u00a0 77891 (Di\u00f3xido de titanio), CI 77491 (\u00d3xidos de hierro), Glucosa, Orizanol, Goma Xant\u00e1n, Metilpropanediol, Trehalosa, \u00c1cido l\u00e1ctico, Dimeticona, Fenoxietanol.<\/p>\t\t\t\t\t\t\t\t<\/div>\n\t\t\t\t<\/div>\n\t\t\t\t\t<\/div>\n\t\t<\/div>\n\t\t\t\t<div class=\"elementor-column elementor-col-33 elementor-top-column elementor-element elementor-element-46090e7\" data-id=\"46090e7\" data-element_type=\"column\" data-e-type=\"column\">\n\t\t\t<div class=\"elementor-widget-wrap elementor-element-populated\">\n\t\t\t\t\t\t<div class=\"elementor-element elementor-element-448fe51 elementor-widget elementor-widget-image\" data-id=\"448fe51\" data-element_type=\"widget\" data-e-type=\"widget\" data-widget_type=\"image.default\">\n\t\t\t\t<div class=\"elementor-widget-container\">\n\t\t\t\t\t\t\t\t\t\t\t\t<figure class=\"wp-caption\">\n\t\t\t\t\t\t\t\t\t\t\t<a href=\"http:\/\/20285936.fitline.com\/0116052\">\n\t\t\t\t\t\t\t<img fetchpriority=\"high\" decoding=\"async\" width=\"480\" height=\"480\" src=\"https:\/\/salud.marcolozada.com\/wp-content\/uploads\/2020\/12\/E9AA44E8-0DE3-43CC-84E1-C023DC8E2823.jpeg\" class=\"attachment-large size-large wp-image-519\" alt=\"\" srcset=\"https:\/\/salud.marcolozada.com\/wp-content\/uploads\/2020\/12\/E9AA44E8-0DE3-43CC-84E1-C023DC8E2823.jpeg 480w, https:\/\/salud.marcolozada.com\/wp-content\/uploads\/2020\/12\/E9AA44E8-0DE3-43CC-84E1-C023DC8E2823-300x300.jpeg 300w, https:\/\/salud.marcolozada.com\/wp-content\/uploads\/2020\/12\/E9AA44E8-0DE3-43CC-84E1-C023DC8E2823-150x150.jpeg 150w\" sizes=\"(max-width: 480px) 100vw, 480px\" \/>\t\t\t\t\t\t\t\t<\/a>\n\t\t\t\t\t\t\t\t\t\t\t<figcaption class=\"widget-image-caption wp-caption-text\">Anti Aging 4ever<\/figcaption>\n\t\t\t\t\t\t\t\t\t\t<\/figure>\n\t\t\t\t\t\t\t\t\t<\/div>\n\t\t\t\t<\/div>\n\t\t\t\t<div class=\"elementor-element elementor-element-fd91a9e elementor-align-center elementor-widget elementor-widget-button\" data-id=\"fd91a9e\" data-element_type=\"widget\" data-e-type=\"widget\" data-widget_type=\"button.default\">\n\t\t\t\t<div class=\"elementor-widget-container\">\n\t\t\t\t\t\t\t\t\t<div class=\"elementor-button-wrapper\">\n\t\t\t\t\t<a class=\"elementor-button elementor-button-link elementor-size-sm\" href=\"http:\/\/20285936.fitline.com\/0116052\">\n\t\t\t\t\t\t<span class=\"elementor-button-content-wrapper\">\n\t\t\t\t\t\t<span class=\"elementor-button-icon\">\n\t\t\t\t<i aria-hidden=\"true\" class=\"fas fa-shopping-cart\"><\/i>\t\t\t<\/span>\n\t\t\t\t\t\t\t\t\t<span class=\"elementor-button-text\">Ir a la Tienda<\/span>\n\t\t\t\t\t<\/span>\n\t\t\t\t\t<\/a>\n\t\t\t\t<\/div>\n\t\t\t\t\t\t\t\t<\/div>\n\t\t\t\t<\/div>\n\t\t\t\t\t<\/div>\n\t\t<\/div>\n\t\t\t\t\t<\/div>\n\t\t<\/section>\n\t\t\t\t<section class=\"elementor-section elementor-top-section elementor-element elementor-element-8a5fa43 elementor-section-boxed elementor-section-height-default elementor-section-height-default\" data-id=\"8a5fa43\" data-element_type=\"section\" data-e-type=\"section\">\n\t\t\t\t\t\t<div class=\"elementor-container elementor-column-gap-default\">\n\t\t\t\t\t<div class=\"elementor-column elementor-col-100 elementor-top-column elementor-element elementor-element-5d1b89a\" data-id=\"5d1b89a\" data-element_type=\"column\" data-e-type=\"column\">\n\t\t\t<div class=\"elementor-widget-wrap elementor-element-populated\">\n\t\t\t\t\t\t<div class=\"elementor-element elementor-element-553668b elementor-widget elementor-widget-text-editor\" data-id=\"553668b\" data-element_type=\"widget\" data-e-type=\"widget\" data-widget_type=\"text-editor.default\">\n\t\t\t\t<div class=\"elementor-widget-container\">\n\t\t\t\t\t\t\t\t\t<h5><strong><em>Si tienes dudas sobre los productos, el como adquirirlos, o sobre la forma de pago, escr\u00edbenos a trav\u00e9s del siguiente formulario y con gusto te asesoramos&#8230;<\/em><\/strong><\/h5>\t\t\t\t\t\t\t\t<\/div>\n\t\t\t\t<\/div>\n\t\t\t\t<div class=\"elementor-element elementor-element-b871413 elementor-widget elementor-widget-wpforms\" data-id=\"b871413\" data-element_type=\"widget\" data-e-type=\"widget\" data-widget_type=\"wpforms.default\">\n\t\t\t\t<div class=\"elementor-widget-container\">\n\t\t\t\t\t<div class=\"wpforms-container wpforms-container-full\" id=\"wpforms-73\"><form id=\"wpforms-form-73\" class=\"wpforms-validate wpforms-form\" data-formid=\"73\" method=\"post\" enctype=\"multipart\/form-data\" action=\"\/index.php\/wp-json\/wp\/v2\/pages\/593\" data-token=\"dc2648b5563527ba0f36cb5773849a32\" data-token-time=\"1778847693\"><noscript class=\"wpforms-error-noscript\">Por favor, activa JavaScript en tu navegador para completar este formulario.<\/noscript><div class=\"wpforms-field-container\"><div id=\"wpforms-73-field_0-container\" class=\"wpforms-field wpforms-field-name\" data-field-id=\"0\"><label class=\"wpforms-field-label\">Nombre <span class=\"wpforms-required-label\">*<\/span><\/label><div class=\"wpforms-field-row wpforms-field-medium\"><div class=\"wpforms-field-row-block wpforms-first wpforms-one-half\"><input type=\"text\" id=\"wpforms-73-field_0\" class=\"wpforms-field-name-first wpforms-field-required\" name=\"wpforms[fields][0][first]\" required><label for=\"wpforms-73-field_0\" class=\"wpforms-field-sublabel after\">Nombre<\/label><\/div><div class=\"wpforms-field-row-block wpforms-one-half\"><input type=\"text\" id=\"wpforms-73-field_0-last\" class=\"wpforms-field-name-last wpforms-field-required\" name=\"wpforms[fields][0][last]\" required><label for=\"wpforms-73-field_0-last\" class=\"wpforms-field-sublabel after\">Apellidos<\/label><\/div><\/div><\/div><div id=\"wpforms-73-field_1-container\" class=\"wpforms-field wpforms-field-email\" data-field-id=\"1\"><label class=\"wpforms-field-label\" for=\"wpforms-73-field_1\">Correo electr\u00f3nico <span class=\"wpforms-required-label\">*<\/span><\/label><input type=\"email\" id=\"wpforms-73-field_1\" class=\"wpforms-field-medium wpforms-field-required\" name=\"wpforms[fields][1]\" spellcheck=\"false\" required><\/div><div id=\"wpforms-73-field_2-container\" class=\"wpforms-field wpforms-field-textarea\" data-field-id=\"2\"><label class=\"wpforms-field-label\" for=\"wpforms-73-field_2\">Comentario o mensaje <span class=\"wpforms-required-label\">*<\/span><\/label><textarea id=\"wpforms-73-field_2\" class=\"wpforms-field-medium wpforms-field-required\" name=\"wpforms[fields][2]\" required><\/textarea><\/div><\/div><!-- .wpforms-field-container --><div class=\"wpforms-submit-container\" ><input type=\"hidden\" name=\"wpforms[id]\" value=\"73\"><input type=\"hidden\" name=\"page_title\" value=\"\"><input type=\"hidden\" name=\"page_url\" value=\"https:\/\/salud.marcolozada.com\/index.php\/wp-json\/wp\/v2\/pages\/593\"><input type=\"hidden\" name=\"url_referer\" value=\"\"><button type=\"submit\" name=\"wpforms[submit]\" id=\"wpforms-submit-73\" class=\"wpforms-submit\" data-alt-text=\"Enviando...\" data-submit-text=\"Enviar\" aria-live=\"assertive\" value=\"wpforms-submit\">Enviar<\/button><\/div><\/form><\/div>  <!-- .wpforms-container -->\t\t\t\t<\/div>\n\t\t\t\t<\/div>\n\t\t\t\t\t<\/div>\n\t\t<\/div>\n\t\t\t\t\t<\/div>\n\t\t<\/section>\n\t\t\t\t<\/div>\n\t\t","protected":false},"excerpt":{"rendered":"<p>El nutritivo cuidado de cara\u00a0 24 horas para la ma\u00f1ana y noche ayuda a mantener la juventud de su piel a medio y largo plazo \u2013 para efectos antienvejecimiento visibles. D\u00eda a d\u00eda su piel ganar\u00e1 en suavidad y bienestar y el contorno facial parece que se remodela. \u00a0 Cuando se utiliza con regularidad este<\/p>\n<div class=\"more-link\">\n\t\t\t\t <a href=\"https:\/\/salud.marcolozada.com\/index.php\/anti-anging-4ever\/\" class=\"btn theme-btn inverted\"><span>Continue Reading  <\/span><\/a>\n\t\t\t<\/div>\n","protected":false},"author":1,"featured_media":0,"parent":0,"menu_order":0,"comment_status":"closed","ping_status":"closed","template":"","meta":{"footnotes":""},"class_list":["post-593","page","type-page","status-publish","hentry"],"aioseo_notices":[],"blog_post_layout_featured_media_urls":{"thumbnail":"","full":""},"categories_names":null,"comments_number":"0","_links":{"self":[{"href":"https:\/\/salud.marcolozada.com\/index.php\/wp-json\/wp\/v2\/pages\/593","targetHints":{"allow":["GET"]}}],"collection":[{"href":"https:\/\/salud.marcolozada.com\/index.php\/wp-json\/wp\/v2\/pages"}],"about":[{"href":"https:\/\/salud.marcolozada.com\/index.php\/wp-json\/wp\/v2\/types\/page"}],"author":[{"embeddable":true,"href":"https:\/\/salud.marcolozada.com\/index.php\/wp-json\/wp\/v2\/users\/1"}],"replies":[{"embeddable":true,"href":"https:\/\/salud.marcolozada.com\/index.php\/wp-json\/wp\/v2\/comments?post=593"}],"version-history":[{"count":31,"href":"https:\/\/salud.marcolozada.com\/index.php\/wp-json\/wp\/v2\/pages\/593\/revisions"}],"predecessor-version":[{"id":1140,"href":"https:\/\/salud.marcolozada.com\/index.php\/wp-json\/wp\/v2\/pages\/593\/revisions\/1140"}],"wp:attachment":[{"href":"https:\/\/salud.marcolozada.com\/index.php\/wp-json\/wp\/v2\/media?parent=593"}],"curies":[{"name":"wp","href":"https:\/\/api.w.org\/{rel}","templated":true}]}}