{"id":572,"date":"2020-12-16T20:15:20","date_gmt":"2020-12-16T20:15:20","guid":{"rendered":"http:\/\/salud.marcolozada.com\/?page_id=572"},"modified":"2024-03-28T01:21:24","modified_gmt":"2024-03-28T01:21:24","slug":"anti-anging-ultimate-young","status":"publish","type":"page","link":"https:\/\/salud.marcolozada.com\/index.php\/anti-anging-ultimate-young\/","title":{"rendered":"Anti &#8211; Anging Ultimate Young"},"content":{"rendered":"\t\t<div data-elementor-type=\"wp-page\" data-elementor-id=\"572\" class=\"elementor elementor-572\">\n\t\t\t\t\t\t<section class=\"elementor-section elementor-top-section elementor-element elementor-element-845fe69 elementor-section-boxed elementor-section-height-default elementor-section-height-default\" data-id=\"845fe69\" data-element_type=\"section\" data-e-type=\"section\">\n\t\t\t\t\t\t<div class=\"elementor-container elementor-column-gap-default\">\n\t\t\t\t\t<div class=\"elementor-column elementor-col-66 elementor-top-column elementor-element elementor-element-fb75ccb\" data-id=\"fb75ccb\" data-element_type=\"column\" data-e-type=\"column\">\n\t\t\t<div class=\"elementor-widget-wrap elementor-element-populated\">\n\t\t\t\t\t\t<div class=\"elementor-element elementor-element-92e1767 elementor-widget elementor-widget-text-editor\" data-id=\"92e1767\" data-element_type=\"widget\" data-e-type=\"widget\" data-widget_type=\"text-editor.default\">\n\t\t\t\t<div class=\"elementor-widget-container\">\n\t\t\t\t\t\t\t\t\t<h3 class=\"bold\">Descripci\u00f3n<\/h3><div><p>\u00a0<\/p><p>Regresa el tiempo: \u00a1experimenta una piel visiblemente m\u00e1s suave en solo 3 minutos!<\/p><p>Con matificador de tono de piel: se adapta perfectamente a tu tono de piel y reduce visiblemente las arrugas.<\/p><p>\u2022 3 minutos de lifting como elixir de 2 fases en una botella<br \/>\u2022 Las l\u00edneas finas y las arrugas se reducen de inmediato, hasta 6 horas.<br \/>\u2022 El exclusivo concepto de transporte de nutrientes (NTC) lleva los nutrientes exactamente donde se necesitan, justo donde se necesitan: \u00a1al nivel celular!<br \/>\u2022 Compatibilidad con la piel dermatol\u00f3gicamente aprobada. Ultimate Young fue probado en un instituto independiente en 50 personas de prueba.<\/p><\/div><p>No pierdas ni un momento el deseo de tener una aparencia juvenil!\u00a0 Sue\u00f1a con una piel visiblemente m\u00e1s lisa! Con Ultimate Young tus deseos y sue\u00f1os se har\u00e1n realidad en tan s\u00f3lo unos segundos!<\/p><p>Las arrugas se reducen con Ultimate Young. Experimenta la sensaci\u00f3n \u00fanica perfeccionando y difinidos contornos faciales y de inmediato. Ultimate Young tiene a lo largo de la exitosa PM International<\/p><p><b>NTC:<\/b> <b>El exclusivo concepto de transporte de nutrientes NCT aporta los nutrientes exactamente cu\u00e1ndo se necesitan, exactamente donde se necesitan &#8211; a nivel celular! Por dentro y por fuera.<\/b>\u00a0<\/p><h4 class=\"blue\">Modo de empleo<\/h4><div><ul><li style=\"list-style-type: none;\"><ul><li>Antes de cada aplicaci\u00f3n agitar bien el producto durante 1 &#8211; 2 minutos.<\/li><li>Aplicar sobre la piel limpia, o sobre sus productos diarios faciales o sobre el maquillaje.<\/li><li>Aplicar una capa muy fina del producto sobre las arrugas l\u00edneas de la cara o cuello. (Si aplicas demasiado producto no obtendr\u00e1s buenos resultados y adem\u00e1s quedar\u00e1n manchas blancas.)<\/li><li>Masajear un poquito de producto sobre las zonas deseadas. Despu\u00e9s de la aplicaci\u00f3n debes relajarte durante 3 &#8211; 4 minutos, no hables, no r\u00edas, etc.<\/li><li>Si es necesario, lo puedes realizar una segunda aplicaci\u00f3n despu\u00e9s de 3 minutos.<\/li><li>Puedes experimentar hormigueo en la piel y sequedad durante 10 minutos.<\/li><\/ul><\/li><\/ul><\/div><h4>\u00a0<\/h4><h4 class=\"blue\">Componentes<\/h4><p>Agua, S\u00edlice hidratado, Aspartato de magnesio, Silicato de sodio, Glicerina, Ubiquinona,\u00a0 Extrac-to de Granada (Punica granatum),\u00a0 Extracto de hojas de T\u00e9 verde, Extracto de Alga (Dunaliella salina), Extracto de hojas de Rooibos (Aspalathus line-aris), Lecitina, Triglic\u00e9rido Capr\u00edlico\/C\u00e1prico, Acetato de tocoferilo, Ergo-thioneine, Escualano, Hidroximetilg-licinato de sodio, Alcohol, Fragancia.<\/p>\t\t\t\t\t\t\t\t<\/div>\n\t\t\t\t<\/div>\n\t\t\t\t<div class=\"elementor-element elementor-element-316fa18 elementor-widget elementor-widget-image\" data-id=\"316fa18\" data-element_type=\"widget\" data-e-type=\"widget\" data-widget_type=\"image.default\">\n\t\t\t\t<div class=\"elementor-widget-container\">\n\t\t\t\t\t\t\t\t\t\t\t\t\t\t\t<img decoding=\"async\" width=\"220\" height=\"113\" src=\"https:\/\/salud.marcolozada.com\/wp-content\/uploads\/2024\/03\/DERMATEST_0820S1.jpg\" class=\"attachment-large size-large wp-image-1088\" alt=\"\" \/>\t\t\t\t\t\t\t\t\t\t\t\t\t\t\t<\/div>\n\t\t\t\t<\/div>\n\t\t\t\t\t<\/div>\n\t\t<\/div>\n\t\t\t\t<div class=\"elementor-column elementor-col-33 elementor-top-column elementor-element elementor-element-03ab4cd\" data-id=\"03ab4cd\" data-element_type=\"column\" data-e-type=\"column\">\n\t\t\t<div class=\"elementor-widget-wrap elementor-element-populated\">\n\t\t\t\t\t\t<div class=\"elementor-element elementor-element-d81997a elementor-widget elementor-widget-image\" data-id=\"d81997a\" data-element_type=\"widget\" data-e-type=\"widget\" data-widget_type=\"image.default\">\n\t\t\t\t<div class=\"elementor-widget-container\">\n\t\t\t\t\t\t\t\t\t\t\t\t<figure class=\"wp-caption\">\n\t\t\t\t\t\t\t\t\t\t\t<a href=\"http:\/\/20285936.fitline.com\/0116050\">\n\t\t\t\t\t\t\t<img fetchpriority=\"high\" decoding=\"async\" width=\"480\" height=\"480\" src=\"https:\/\/salud.marcolozada.com\/wp-content\/uploads\/2020\/12\/93DD0511-3F8F-4A24-BE9B-F63F90A73A7B.jpeg\" class=\"attachment-large size-large wp-image-515\" alt=\"\" srcset=\"https:\/\/salud.marcolozada.com\/wp-content\/uploads\/2020\/12\/93DD0511-3F8F-4A24-BE9B-F63F90A73A7B.jpeg 480w, https:\/\/salud.marcolozada.com\/wp-content\/uploads\/2020\/12\/93DD0511-3F8F-4A24-BE9B-F63F90A73A7B-300x300.jpeg 300w, https:\/\/salud.marcolozada.com\/wp-content\/uploads\/2020\/12\/93DD0511-3F8F-4A24-BE9B-F63F90A73A7B-150x150.jpeg 150w\" sizes=\"(max-width: 480px) 100vw, 480px\" \/>\t\t\t\t\t\t\t\t<\/a>\n\t\t\t\t\t\t\t\t\t\t\t<figcaption class=\"widget-image-caption wp-caption-text\">Anti Aging Ultimate Young<\/figcaption>\n\t\t\t\t\t\t\t\t\t\t<\/figure>\n\t\t\t\t\t\t\t\t\t<\/div>\n\t\t\t\t<\/div>\n\t\t\t\t<div class=\"elementor-element elementor-element-81f158e elementor-align-center elementor-widget elementor-widget-button\" data-id=\"81f158e\" data-element_type=\"widget\" data-e-type=\"widget\" data-widget_type=\"button.default\">\n\t\t\t\t<div class=\"elementor-widget-container\">\n\t\t\t\t\t\t\t\t\t<div class=\"elementor-button-wrapper\">\n\t\t\t\t\t<a class=\"elementor-button elementor-button-link elementor-size-sm\" href=\"http:\/\/20285936.fitline.com\/0116050\">\n\t\t\t\t\t\t<span class=\"elementor-button-content-wrapper\">\n\t\t\t\t\t\t<span class=\"elementor-button-icon\">\n\t\t\t\t<i aria-hidden=\"true\" class=\"fas fa-shopping-cart\"><\/i>\t\t\t<\/span>\n\t\t\t\t\t\t\t\t\t<span class=\"elementor-button-text\">Ir a la Tienda<\/span>\n\t\t\t\t\t<\/span>\n\t\t\t\t\t<\/a>\n\t\t\t\t<\/div>\n\t\t\t\t\t\t\t\t<\/div>\n\t\t\t\t<\/div>\n\t\t\t\t\t<\/div>\n\t\t<\/div>\n\t\t\t\t\t<\/div>\n\t\t<\/section>\n\t\t\t\t<section class=\"elementor-section elementor-top-section elementor-element elementor-element-32d3cfd elementor-section-boxed elementor-section-height-default elementor-section-height-default\" data-id=\"32d3cfd\" data-element_type=\"section\" data-e-type=\"section\">\n\t\t\t\t\t\t<div class=\"elementor-container elementor-column-gap-default\">\n\t\t\t\t\t<div class=\"elementor-column elementor-col-100 elementor-top-column elementor-element elementor-element-42f1abf\" data-id=\"42f1abf\" data-element_type=\"column\" data-e-type=\"column\">\n\t\t\t<div class=\"elementor-widget-wrap elementor-element-populated\">\n\t\t\t\t\t\t<div class=\"elementor-element elementor-element-c6ad810 elementor-widget elementor-widget-text-editor\" data-id=\"c6ad810\" data-element_type=\"widget\" data-e-type=\"widget\" data-widget_type=\"text-editor.default\">\n\t\t\t\t<div class=\"elementor-widget-container\">\n\t\t\t\t\t\t\t\t\t<h5><strong><em>Si tienes dudas sobre los productos, el como adquirirlos, o sobre la forma de pago, escr\u00edbenos a trav\u00e9s del siguiente formulario y con gusto te asesoramos&#8230;<\/em><\/strong><\/h5>\t\t\t\t\t\t\t\t<\/div>\n\t\t\t\t<\/div>\n\t\t\t\t<div class=\"elementor-element elementor-element-91b3ced elementor-widget elementor-widget-wpforms\" data-id=\"91b3ced\" data-element_type=\"widget\" data-e-type=\"widget\" data-widget_type=\"wpforms.default\">\n\t\t\t\t<div class=\"elementor-widget-container\">\n\t\t\t\t\t<div class=\"wpforms-container wpforms-container-full\" id=\"wpforms-73\"><form id=\"wpforms-form-73\" class=\"wpforms-validate wpforms-form\" data-formid=\"73\" method=\"post\" enctype=\"multipart\/form-data\" action=\"\/index.php\/wp-json\/wp\/v2\/pages\/572\" data-token=\"dc2648b5563527ba0f36cb5773849a32\" data-token-time=\"1778847776\"><noscript class=\"wpforms-error-noscript\">Por favor, activa JavaScript en tu navegador para completar este formulario.<\/noscript><div class=\"wpforms-field-container\"><div id=\"wpforms-73-field_0-container\" class=\"wpforms-field wpforms-field-name\" data-field-id=\"0\"><label class=\"wpforms-field-label\">Nombre <span class=\"wpforms-required-label\">*<\/span><\/label><div class=\"wpforms-field-row wpforms-field-medium\"><div class=\"wpforms-field-row-block wpforms-first wpforms-one-half\"><input type=\"text\" id=\"wpforms-73-field_0\" class=\"wpforms-field-name-first wpforms-field-required\" name=\"wpforms[fields][0][first]\" required><label for=\"wpforms-73-field_0\" class=\"wpforms-field-sublabel after\">Nombre<\/label><\/div><div class=\"wpforms-field-row-block wpforms-one-half\"><input type=\"text\" id=\"wpforms-73-field_0-last\" class=\"wpforms-field-name-last wpforms-field-required\" name=\"wpforms[fields][0][last]\" required><label for=\"wpforms-73-field_0-last\" class=\"wpforms-field-sublabel after\">Apellidos<\/label><\/div><\/div><\/div><div id=\"wpforms-73-field_1-container\" class=\"wpforms-field wpforms-field-email\" data-field-id=\"1\"><label class=\"wpforms-field-label\" for=\"wpforms-73-field_1\">Correo electr\u00f3nico <span class=\"wpforms-required-label\">*<\/span><\/label><input type=\"email\" id=\"wpforms-73-field_1\" class=\"wpforms-field-medium wpforms-field-required\" name=\"wpforms[fields][1]\" spellcheck=\"false\" required><\/div><div id=\"wpforms-73-field_2-container\" class=\"wpforms-field wpforms-field-textarea\" data-field-id=\"2\"><label class=\"wpforms-field-label\" for=\"wpforms-73-field_2\">Comentario o mensaje <span class=\"wpforms-required-label\">*<\/span><\/label><textarea id=\"wpforms-73-field_2\" class=\"wpforms-field-medium wpforms-field-required\" name=\"wpforms[fields][2]\" required><\/textarea><\/div><\/div><!-- .wpforms-field-container --><div class=\"wpforms-submit-container\" ><input type=\"hidden\" name=\"wpforms[id]\" value=\"73\"><input type=\"hidden\" name=\"page_title\" value=\"\"><input type=\"hidden\" name=\"page_url\" value=\"https:\/\/salud.marcolozada.com\/index.php\/wp-json\/wp\/v2\/pages\/572\"><input type=\"hidden\" name=\"url_referer\" value=\"\"><button type=\"submit\" name=\"wpforms[submit]\" id=\"wpforms-submit-73\" class=\"wpforms-submit\" data-alt-text=\"Enviando...\" data-submit-text=\"Enviar\" aria-live=\"assertive\" value=\"wpforms-submit\">Enviar<\/button><\/div><\/form><\/div>  <!-- .wpforms-container -->\t\t\t\t<\/div>\n\t\t\t\t<\/div>\n\t\t\t\t\t<\/div>\n\t\t<\/div>\n\t\t\t\t\t<\/div>\n\t\t<\/section>\n\t\t\t\t<\/div>\n\t\t","protected":false},"excerpt":{"rendered":"<p>Descripci\u00f3n \u00a0 Regresa el tiempo: \u00a1experimenta una piel visiblemente m\u00e1s suave en solo 3 minutos! Con matificador de tono de piel: se adapta perfectamente a tu tono de piel y reduce visiblemente las arrugas. \u2022 3 minutos de lifting como elixir de 2 fases en una botella\u2022 Las l\u00edneas finas y las arrugas se reducen<\/p>\n<div class=\"more-link\">\n\t\t\t\t <a href=\"https:\/\/salud.marcolozada.com\/index.php\/anti-anging-ultimate-young\/\" class=\"btn theme-btn inverted\"><span>Continue Reading  <\/span><\/a>\n\t\t\t<\/div>\n","protected":false},"author":1,"featured_media":0,"parent":0,"menu_order":0,"comment_status":"closed","ping_status":"closed","template":"","meta":{"footnotes":""},"class_list":["post-572","page","type-page","status-publish","hentry"],"aioseo_notices":[],"blog_post_layout_featured_media_urls":{"thumbnail":"","full":""},"categories_names":null,"comments_number":"0","_links":{"self":[{"href":"https:\/\/salud.marcolozada.com\/index.php\/wp-json\/wp\/v2\/pages\/572","targetHints":{"allow":["GET"]}}],"collection":[{"href":"https:\/\/salud.marcolozada.com\/index.php\/wp-json\/wp\/v2\/pages"}],"about":[{"href":"https:\/\/salud.marcolozada.com\/index.php\/wp-json\/wp\/v2\/types\/page"}],"author":[{"embeddable":true,"href":"https:\/\/salud.marcolozada.com\/index.php\/wp-json\/wp\/v2\/users\/1"}],"replies":[{"embeddable":true,"href":"https:\/\/salud.marcolozada.com\/index.php\/wp-json\/wp\/v2\/comments?post=572"}],"version-history":[{"count":31,"href":"https:\/\/salud.marcolozada.com\/index.php\/wp-json\/wp\/v2\/pages\/572\/revisions"}],"predecessor-version":[{"id":1143,"href":"https:\/\/salud.marcolozada.com\/index.php\/wp-json\/wp\/v2\/pages\/572\/revisions\/1143"}],"wp:attachment":[{"href":"https:\/\/salud.marcolozada.com\/index.php\/wp-json\/wp\/v2\/media?parent=572"}],"curies":[{"name":"wp","href":"https:\/\/api.w.org\/{rel}","templated":true}]}}