{"id":510,"date":"2020-12-16T19:50:56","date_gmt":"2020-12-16T19:50:56","guid":{"rendered":"http:\/\/salud.marcolozada.com\/?page_id=510"},"modified":"2024-03-28T15:51:28","modified_gmt":"2024-03-28T15:51:28","slug":"fitline-skin","status":"publish","type":"page","link":"https:\/\/salud.marcolozada.com\/index.php\/fitline-skin\/","title":{"rendered":"FitLine Skin"},"content":{"rendered":"\t\t<div data-elementor-type=\"wp-page\" data-elementor-id=\"510\" class=\"elementor elementor-510\">\n\t\t\t\t\t\t<section class=\"elementor-section elementor-top-section elementor-element elementor-element-bacb3f8 elementor-section-boxed elementor-section-height-default elementor-section-height-default\" data-id=\"bacb3f8\" data-element_type=\"section\" data-e-type=\"section\">\n\t\t\t\t\t\t<div class=\"elementor-container elementor-column-gap-default\">\n\t\t\t\t\t<div class=\"elementor-column elementor-col-100 elementor-top-column elementor-element elementor-element-3ea725b\" data-id=\"3ea725b\" data-element_type=\"column\" data-e-type=\"column\">\n\t\t\t<div class=\"elementor-widget-wrap elementor-element-populated\">\n\t\t\t\t\t\t<div class=\"elementor-element elementor-element-2ccd234 elementor-widget elementor-widget-text-editor\" data-id=\"2ccd234\" data-element_type=\"widget\" data-e-type=\"widget\" data-widget_type=\"text-editor.default\">\n\t\t\t\t<div class=\"elementor-widget-container\">\n\t\t\t\t\t\t\t\t\t<p><strong>En la l\u00ednea FitLine Skin te ofrecemos cosm\u00e9ticos de alta calidad que est\u00e1n perfectamente adaptados uno al otro.<\/strong>Ingredientes naturales que garantizan la m\u00e1xima tolerancia dermatol\u00f3gica posible. Suaves m\u00e9todos de fabricaci\u00f3n que garantizan la m\u00e1xima pureza y un continuo nivel de alta calidad.<strong> Tu piel ser\u00e1 notablemente m\u00e1s tensa, las l\u00edneas y las arrugas se reducir\u00e1n visiblemente<\/strong>. Nuestra limpieza, sistemas de cuidado y anti-edad te ayudar\u00e1n a mantener una piel sana y fresca a\u00fan en una edad avanzada.<\/p><p><strong>El Concepto de Transporte de Nutrientes (NTC \u00ae) transporta los diferentes ingredientes a las capas m\u00e1s profundas de la piel<\/strong>, que se propulsan directamente hacia las c\u00e9lulas. Sentir\u00e1s c\u00f3mo tu piel se relaja y regenera. Nuestros productos ofrecen todo lo que esperas para buena limpieza, cuidado y antienvejecimiento. M\u00e1s de 21 a\u00f1os de experiencia en desarrollo de cosm\u00e9ticos de alta calidad de garant\u00eda.<\/p>\t\t\t\t\t\t\t\t<\/div>\n\t\t\t\t<\/div>\n\t\t\t\t\t<\/div>\n\t\t<\/div>\n\t\t\t\t\t<\/div>\n\t\t<\/section>\n\t\t\t\t<section class=\"elementor-section elementor-top-section elementor-element elementor-element-be4bd59 elementor-section-boxed elementor-section-height-default elementor-section-height-default\" data-id=\"be4bd59\" data-element_type=\"section\" data-e-type=\"section\">\n\t\t\t\t\t\t<div class=\"elementor-container elementor-column-gap-default\">\n\t\t\t\t\t<div class=\"elementor-column elementor-col-20 elementor-top-column elementor-element elementor-element-bc4905c\" data-id=\"bc4905c\" data-element_type=\"column\" data-e-type=\"column\">\n\t\t\t<div class=\"elementor-widget-wrap elementor-element-populated\">\n\t\t\t\t\t\t<div class=\"elementor-element elementor-element-2dfe33b elementor-widget elementor-widget-image\" data-id=\"2dfe33b\" data-element_type=\"widget\" data-e-type=\"widget\" data-widget_type=\"image.default\">\n\t\t\t\t<div class=\"elementor-widget-container\">\n\t\t\t\t\t\t\t\t\t\t\t\t<figure class=\"wp-caption\">\n\t\t\t\t\t\t\t\t\t\t\t<a href=\"https:\/\/salud.marcolozada.com\/index.php\/clear-skin\/\">\n\t\t\t\t\t\t\t<img fetchpriority=\"high\" decoding=\"async\" width=\"240\" height=\"240\" src=\"https:\/\/salud.marcolozada.com\/wp-content\/uploads\/2024\/03\/Activize_serum-480x480-11.png\" class=\"attachment-large size-large wp-image-1120\" alt=\"\" srcset=\"https:\/\/salud.marcolozada.com\/wp-content\/uploads\/2024\/03\/Activize_serum-480x480-11.png 240w, https:\/\/salud.marcolozada.com\/wp-content\/uploads\/2024\/03\/Activize_serum-480x480-11-150x150.png 150w\" sizes=\"(max-width: 240px) 100vw, 240px\" \/>\t\t\t\t\t\t\t\t<\/a>\n\t\t\t\t\t\t\t\t\t\t\t<figcaption class=\"widget-image-caption wp-caption-text\">Activase Serum<\/figcaption>\n\t\t\t\t\t\t\t\t\t\t<\/figure>\n\t\t\t\t\t\t\t\t\t<\/div>\n\t\t\t\t<\/div>\n\t\t\t\t<div class=\"elementor-element elementor-element-6e0d62e elementor-align-center elementor-widget elementor-widget-button\" data-id=\"6e0d62e\" data-element_type=\"widget\" data-e-type=\"widget\" data-widget_type=\"button.default\">\n\t\t\t\t<div class=\"elementor-widget-container\">\n\t\t\t\t\t\t\t\t\t<div class=\"elementor-button-wrapper\">\n\t\t\t\t\t<a class=\"elementor-button elementor-button-link elementor-size-sm\" href=\"http:\/\/20285936.fitline.com\/0116102\">\n\t\t\t\t\t\t<span class=\"elementor-button-content-wrapper\">\n\t\t\t\t\t\t<span class=\"elementor-button-icon\">\n\t\t\t\t<i aria-hidden=\"true\" class=\"fas fa-shopping-cart\"><\/i>\t\t\t<\/span>\n\t\t\t\t\t\t\t\t\t<span class=\"elementor-button-text\">Ir a la Tienda<\/span>\n\t\t\t\t\t<\/span>\n\t\t\t\t\t<\/a>\n\t\t\t\t<\/div>\n\t\t\t\t\t\t\t\t<\/div>\n\t\t\t\t<\/div>\n\t\t\t\t\t<\/div>\n\t\t<\/div>\n\t\t\t\t<div class=\"elementor-column elementor-col-20 elementor-top-column elementor-element elementor-element-50032d2\" data-id=\"50032d2\" data-element_type=\"column\" data-e-type=\"column\">\n\t\t\t<div class=\"elementor-widget-wrap elementor-element-populated\">\n\t\t\t\t\t\t<div class=\"elementor-element elementor-element-f3e72bf elementor-widget elementor-widget-image\" data-id=\"f3e72bf\" data-element_type=\"widget\" data-e-type=\"widget\" data-widget_type=\"image.default\">\n\t\t\t\t<div class=\"elementor-widget-container\">\n\t\t\t\t\t\t\t\t\t\t\t\t<figure class=\"wp-caption\">\n\t\t\t\t\t\t\t\t\t\t\t<a href=\"https:\/\/salud.marcolozada.com\/index.php\/anti-anging-ultimate-young\/\">\n\t\t\t\t\t\t\t<img decoding=\"async\" width=\"480\" height=\"480\" src=\"https:\/\/salud.marcolozada.com\/wp-content\/uploads\/2020\/12\/93DD0511-3F8F-4A24-BE9B-F63F90A73A7B.jpeg\" class=\"attachment-large size-large wp-image-515\" alt=\"\" srcset=\"https:\/\/salud.marcolozada.com\/wp-content\/uploads\/2020\/12\/93DD0511-3F8F-4A24-BE9B-F63F90A73A7B.jpeg 480w, https:\/\/salud.marcolozada.com\/wp-content\/uploads\/2020\/12\/93DD0511-3F8F-4A24-BE9B-F63F90A73A7B-300x300.jpeg 300w, https:\/\/salud.marcolozada.com\/wp-content\/uploads\/2020\/12\/93DD0511-3F8F-4A24-BE9B-F63F90A73A7B-150x150.jpeg 150w\" sizes=\"(max-width: 480px) 100vw, 480px\" \/>\t\t\t\t\t\t\t\t<\/a>\n\t\t\t\t\t\t\t\t\t\t\t<figcaption class=\"widget-image-caption wp-caption-text\">Anti Aging Ultimate Young<\/figcaption>\n\t\t\t\t\t\t\t\t\t\t<\/figure>\n\t\t\t\t\t\t\t\t\t<\/div>\n\t\t\t\t<\/div>\n\t\t\t\t<div class=\"elementor-element elementor-element-d411331 elementor-align-center elementor-widget elementor-widget-button\" data-id=\"d411331\" data-element_type=\"widget\" data-e-type=\"widget\" data-widget_type=\"button.default\">\n\t\t\t\t<div class=\"elementor-widget-container\">\n\t\t\t\t\t\t\t\t\t<div class=\"elementor-button-wrapper\">\n\t\t\t\t\t<a class=\"elementor-button elementor-button-link elementor-size-sm\" href=\"http:\/\/20285936.fitline.com\/0116050\">\n\t\t\t\t\t\t<span class=\"elementor-button-content-wrapper\">\n\t\t\t\t\t\t<span class=\"elementor-button-icon\">\n\t\t\t\t<i aria-hidden=\"true\" class=\"fas fa-shopping-cart\"><\/i>\t\t\t<\/span>\n\t\t\t\t\t\t\t\t\t<span class=\"elementor-button-text\">Ir a la Tienda<\/span>\n\t\t\t\t\t<\/span>\n\t\t\t\t\t<\/a>\n\t\t\t\t<\/div>\n\t\t\t\t\t\t\t\t<\/div>\n\t\t\t\t<\/div>\n\t\t\t\t\t<\/div>\n\t\t<\/div>\n\t\t\t\t<div class=\"elementor-column elementor-col-20 elementor-top-column elementor-element elementor-element-b7a91de\" data-id=\"b7a91de\" data-element_type=\"column\" data-e-type=\"column\">\n\t\t\t<div class=\"elementor-widget-wrap elementor-element-populated\">\n\t\t\t\t\t\t<div class=\"elementor-element elementor-element-70b0954 elementor-widget elementor-widget-image\" data-id=\"70b0954\" data-element_type=\"widget\" data-e-type=\"widget\" data-widget_type=\"image.default\">\n\t\t\t\t<div class=\"elementor-widget-container\">\n\t\t\t\t\t\t\t\t\t\t\t\t<figure class=\"wp-caption\">\n\t\t\t\t\t\t\t\t\t\t\t<a href=\"https:\/\/salud.marcolozada.com\/index.php\/anti-anging-4ever\/\">\n\t\t\t\t\t\t\t<img decoding=\"async\" width=\"480\" height=\"480\" src=\"https:\/\/salud.marcolozada.com\/wp-content\/uploads\/2020\/12\/E9AA44E8-0DE3-43CC-84E1-C023DC8E2823.jpeg\" class=\"attachment-large size-large wp-image-519\" alt=\"\" srcset=\"https:\/\/salud.marcolozada.com\/wp-content\/uploads\/2020\/12\/E9AA44E8-0DE3-43CC-84E1-C023DC8E2823.jpeg 480w, https:\/\/salud.marcolozada.com\/wp-content\/uploads\/2020\/12\/E9AA44E8-0DE3-43CC-84E1-C023DC8E2823-300x300.jpeg 300w, https:\/\/salud.marcolozada.com\/wp-content\/uploads\/2020\/12\/E9AA44E8-0DE3-43CC-84E1-C023DC8E2823-150x150.jpeg 150w\" sizes=\"(max-width: 480px) 100vw, 480px\" \/>\t\t\t\t\t\t\t\t<\/a>\n\t\t\t\t\t\t\t\t\t\t\t<figcaption class=\"widget-image-caption wp-caption-text\">Anti-Aging 4ever<\/figcaption>\n\t\t\t\t\t\t\t\t\t\t<\/figure>\n\t\t\t\t\t\t\t\t\t<\/div>\n\t\t\t\t<\/div>\n\t\t\t\t<div class=\"elementor-element elementor-element-06077af elementor-align-center elementor-widget elementor-widget-button\" data-id=\"06077af\" data-element_type=\"widget\" data-e-type=\"widget\" data-widget_type=\"button.default\">\n\t\t\t\t<div class=\"elementor-widget-container\">\n\t\t\t\t\t\t\t\t\t<div class=\"elementor-button-wrapper\">\n\t\t\t\t\t<a class=\"elementor-button elementor-button-link elementor-size-sm\" href=\"http:\/\/20285936.fitline.com\/0116052\">\n\t\t\t\t\t\t<span class=\"elementor-button-content-wrapper\">\n\t\t\t\t\t\t<span class=\"elementor-button-icon\">\n\t\t\t\t<i aria-hidden=\"true\" class=\"fas fa-shopping-cart\"><\/i>\t\t\t<\/span>\n\t\t\t\t\t\t\t\t\t<span class=\"elementor-button-text\">Ir a la Tienda<\/span>\n\t\t\t\t\t<\/span>\n\t\t\t\t\t<\/a>\n\t\t\t\t<\/div>\n\t\t\t\t\t\t\t\t<\/div>\n\t\t\t\t<\/div>\n\t\t\t\t\t<\/div>\n\t\t<\/div>\n\t\t\t\t<div class=\"elementor-column elementor-col-20 elementor-top-column elementor-element elementor-element-d9c6b5d\" data-id=\"d9c6b5d\" data-element_type=\"column\" data-e-type=\"column\">\n\t\t\t<div class=\"elementor-widget-wrap elementor-element-populated\">\n\t\t\t\t\t\t<div class=\"elementor-element elementor-element-7d76fa3 elementor-widget elementor-widget-image\" data-id=\"7d76fa3\" data-element_type=\"widget\" data-e-type=\"widget\" data-widget_type=\"image.default\">\n\t\t\t\t<div class=\"elementor-widget-container\">\n\t\t\t\t\t\t\t\t\t\t\t\t<figure class=\"wp-caption\">\n\t\t\t\t\t\t\t\t\t\t\t<a href=\"https:\/\/salud.marcolozada.com\/index.php\/anti-aging-triple-lift-set\/\">\n\t\t\t\t\t\t\t<img loading=\"lazy\" decoding=\"async\" width=\"480\" height=\"480\" src=\"https:\/\/salud.marcolozada.com\/wp-content\/uploads\/2024\/03\/IIDE_TripleLiftSet_9116241.png\" class=\"attachment-large size-large wp-image-1101\" alt=\"\" srcset=\"https:\/\/salud.marcolozada.com\/wp-content\/uploads\/2024\/03\/IIDE_TripleLiftSet_9116241.png 480w, https:\/\/salud.marcolozada.com\/wp-content\/uploads\/2024\/03\/IIDE_TripleLiftSet_9116241-300x300.png 300w, https:\/\/salud.marcolozada.com\/wp-content\/uploads\/2024\/03\/IIDE_TripleLiftSet_9116241-150x150.png 150w\" sizes=\"(max-width: 480px) 100vw, 480px\" \/>\t\t\t\t\t\t\t\t<\/a>\n\t\t\t\t\t\t\t\t\t\t\t<figcaption class=\"widget-image-caption wp-caption-text\">Anti-Aging Triple Lift-Set<\/figcaption>\n\t\t\t\t\t\t\t\t\t\t<\/figure>\n\t\t\t\t\t\t\t\t\t<\/div>\n\t\t\t\t<\/div>\n\t\t\t\t<div class=\"elementor-element elementor-element-3b0f3f6 elementor-align-center elementor-widget elementor-widget-button\" data-id=\"3b0f3f6\" data-element_type=\"widget\" data-e-type=\"widget\" data-widget_type=\"button.default\">\n\t\t\t\t<div class=\"elementor-widget-container\">\n\t\t\t\t\t\t\t\t\t<div class=\"elementor-button-wrapper\">\n\t\t\t\t\t<a class=\"elementor-button elementor-button-link elementor-size-sm\" href=\"http:\/\/20285936.fitline.com\/9116241\">\n\t\t\t\t\t\t<span class=\"elementor-button-content-wrapper\">\n\t\t\t\t\t\t<span class=\"elementor-button-icon\">\n\t\t\t\t<i aria-hidden=\"true\" class=\"fas fa-shopping-cart\"><\/i>\t\t\t<\/span>\n\t\t\t\t\t\t\t\t\t<span class=\"elementor-button-text\">Ir a la Tienda<\/span>\n\t\t\t\t\t<\/span>\n\t\t\t\t\t<\/a>\n\t\t\t\t<\/div>\n\t\t\t\t\t\t\t\t<\/div>\n\t\t\t\t<\/div>\n\t\t\t\t\t<\/div>\n\t\t<\/div>\n\t\t\t\t<div class=\"elementor-column elementor-col-20 elementor-top-column elementor-element elementor-element-e979a2c\" data-id=\"e979a2c\" data-element_type=\"column\" data-e-type=\"column\">\n\t\t\t<div class=\"elementor-widget-wrap elementor-element-populated\">\n\t\t\t\t\t\t<div class=\"elementor-element elementor-element-db77ad2 elementor-widget elementor-widget-image\" data-id=\"db77ad2\" data-element_type=\"widget\" data-e-type=\"widget\" data-widget_type=\"image.default\">\n\t\t\t\t<div class=\"elementor-widget-container\">\n\t\t\t\t\t\t\t\t\t\t\t\t<figure class=\"wp-caption\">\n\t\t\t\t\t\t\t\t\t\t\t<a href=\"https:\/\/salud.marcolozada.com\/index.php\/cc-cel-lotion-fitline-skin\/\">\n\t\t\t\t\t\t\t<img loading=\"lazy\" decoding=\"async\" width=\"480\" height=\"480\" src=\"https:\/\/salud.marcolozada.com\/wp-content\/uploads\/2020\/12\/FA6D79F7-0BF3-4C3E-B7C6-3FAD49A237BA.jpeg\" class=\"attachment-large size-large wp-image-548\" alt=\"\" srcset=\"https:\/\/salud.marcolozada.com\/wp-content\/uploads\/2020\/12\/FA6D79F7-0BF3-4C3E-B7C6-3FAD49A237BA.jpeg 480w, https:\/\/salud.marcolozada.com\/wp-content\/uploads\/2020\/12\/FA6D79F7-0BF3-4C3E-B7C6-3FAD49A237BA-300x300.jpeg 300w, https:\/\/salud.marcolozada.com\/wp-content\/uploads\/2020\/12\/FA6D79F7-0BF3-4C3E-B7C6-3FAD49A237BA-150x150.jpeg 150w\" sizes=\"(max-width: 480px) 100vw, 480px\" \/>\t\t\t\t\t\t\t\t<\/a>\n\t\t\t\t\t\t\t\t\t\t\t<figcaption class=\"widget-image-caption wp-caption-text\">Cel Lotion - FitLine Skin<\/figcaption>\n\t\t\t\t\t\t\t\t\t\t<\/figure>\n\t\t\t\t\t\t\t\t\t<\/div>\n\t\t\t\t<\/div>\n\t\t\t\t<div class=\"elementor-element elementor-element-6732c29 elementor-align-center elementor-widget elementor-widget-button\" data-id=\"6732c29\" data-element_type=\"widget\" data-e-type=\"widget\" data-widget_type=\"button.default\">\n\t\t\t\t<div class=\"elementor-widget-container\">\n\t\t\t\t\t\t\t\t\t<div class=\"elementor-button-wrapper\">\n\t\t\t\t\t<a class=\"elementor-button elementor-button-link elementor-size-sm\" href=\"http:\/\/20285936.fitline.com\/0116101\">\n\t\t\t\t\t\t<span class=\"elementor-button-content-wrapper\">\n\t\t\t\t\t\t<span class=\"elementor-button-icon\">\n\t\t\t\t<i aria-hidden=\"true\" class=\"fas fa-shopping-cart\"><\/i>\t\t\t<\/span>\n\t\t\t\t\t\t\t\t\t<span class=\"elementor-button-text\">Ir a la Tienda<\/span>\n\t\t\t\t\t<\/span>\n\t\t\t\t\t<\/a>\n\t\t\t\t<\/div>\n\t\t\t\t\t\t\t\t<\/div>\n\t\t\t\t<\/div>\n\t\t\t\t\t<\/div>\n\t\t<\/div>\n\t\t\t\t\t<\/div>\n\t\t<\/section>\n\t\t\t\t<section class=\"elementor-section elementor-top-section elementor-element elementor-element-cfa139a elementor-section-boxed elementor-section-height-default elementor-section-height-default\" data-id=\"cfa139a\" data-element_type=\"section\" data-e-type=\"section\">\n\t\t\t\t\t\t<div class=\"elementor-container elementor-column-gap-default\">\n\t\t\t\t\t<div class=\"elementor-column elementor-col-100 elementor-top-column elementor-element elementor-element-113c24f\" data-id=\"113c24f\" data-element_type=\"column\" data-e-type=\"column\">\n\t\t\t<div class=\"elementor-widget-wrap elementor-element-populated\">\n\t\t\t\t\t\t<div class=\"elementor-element elementor-element-d48592b elementor-widget elementor-widget-video\" data-id=\"d48592b\" data-element_type=\"widget\" data-e-type=\"widget\" data-settings=\"{&quot;youtube_url&quot;:&quot;https:\\\/\\\/www.youtube.com\\\/watch?v=dwe5hIit6C8&quot;,&quot;video_type&quot;:&quot;youtube&quot;,&quot;controls&quot;:&quot;yes&quot;}\" data-widget_type=\"video.default\">\n\t\t\t\t<div class=\"elementor-widget-container\">\n\t\t\t\t\t\t\t<div class=\"elementor-wrapper elementor-open-inline\">\n\t\t\t<div class=\"elementor-video\"><\/div>\t\t<\/div>\n\t\t\t\t\t\t<\/div>\n\t\t\t\t<\/div>\n\t\t\t\t\t<\/div>\n\t\t<\/div>\n\t\t\t\t\t<\/div>\n\t\t<\/section>\n\t\t\t\t<section class=\"elementor-section elementor-top-section elementor-element elementor-element-d5ce032 elementor-section-boxed elementor-section-height-default elementor-section-height-default\" data-id=\"d5ce032\" data-element_type=\"section\" data-e-type=\"section\">\n\t\t\t\t\t\t<div class=\"elementor-container elementor-column-gap-default\">\n\t\t\t\t\t<div class=\"elementor-column elementor-col-100 elementor-top-column elementor-element elementor-element-b1e6400\" data-id=\"b1e6400\" data-element_type=\"column\" data-e-type=\"column\">\n\t\t\t<div class=\"elementor-widget-wrap elementor-element-populated\">\n\t\t\t\t\t\t<div class=\"elementor-element elementor-element-f9826e3 elementor-widget elementor-widget-text-editor\" data-id=\"f9826e3\" data-element_type=\"widget\" data-e-type=\"widget\" data-widget_type=\"text-editor.default\">\n\t\t\t\t<div class=\"elementor-widget-container\">\n\t\t\t\t\t\t\t\t\t<h5><strong><em>Si tienes dudas sobre los productos, el como adquirirlos, o sobre la forma de pago, escr\u00edbenos a trav\u00e9s del siguiente formulario y con gusto te asesoramos&#8230;<\/em><\/strong><\/h5>\t\t\t\t\t\t\t\t<\/div>\n\t\t\t\t<\/div>\n\t\t\t\t<div class=\"elementor-element elementor-element-a848f10 elementor-widget elementor-widget-wpforms\" data-id=\"a848f10\" data-element_type=\"widget\" data-e-type=\"widget\" data-widget_type=\"wpforms.default\">\n\t\t\t\t<div class=\"elementor-widget-container\">\n\t\t\t\t\t<div class=\"wpforms-container wpforms-container-full\" id=\"wpforms-73\"><form id=\"wpforms-form-73\" class=\"wpforms-validate wpforms-form\" data-formid=\"73\" method=\"post\" enctype=\"multipart\/form-data\" action=\"\/index.php\/wp-json\/wp\/v2\/pages\/510\" data-token=\"dc2648b5563527ba0f36cb5773849a32\" data-token-time=\"1778847786\"><noscript class=\"wpforms-error-noscript\">Por favor, activa JavaScript en tu navegador para completar este formulario.<\/noscript><div class=\"wpforms-field-container\"><div id=\"wpforms-73-field_0-container\" class=\"wpforms-field wpforms-field-name\" data-field-id=\"0\"><label class=\"wpforms-field-label\">Nombre <span class=\"wpforms-required-label\">*<\/span><\/label><div class=\"wpforms-field-row wpforms-field-medium\"><div class=\"wpforms-field-row-block wpforms-first wpforms-one-half\"><input type=\"text\" id=\"wpforms-73-field_0\" class=\"wpforms-field-name-first wpforms-field-required\" name=\"wpforms[fields][0][first]\" required><label for=\"wpforms-73-field_0\" class=\"wpforms-field-sublabel after\">Nombre<\/label><\/div><div class=\"wpforms-field-row-block wpforms-one-half\"><input type=\"text\" id=\"wpforms-73-field_0-last\" class=\"wpforms-field-name-last wpforms-field-required\" name=\"wpforms[fields][0][last]\" required><label for=\"wpforms-73-field_0-last\" class=\"wpforms-field-sublabel after\">Apellidos<\/label><\/div><\/div><\/div><div id=\"wpforms-73-field_1-container\" class=\"wpforms-field wpforms-field-email\" data-field-id=\"1\"><label class=\"wpforms-field-label\" for=\"wpforms-73-field_1\">Correo electr\u00f3nico <span class=\"wpforms-required-label\">*<\/span><\/label><input type=\"email\" id=\"wpforms-73-field_1\" class=\"wpforms-field-medium wpforms-field-required\" name=\"wpforms[fields][1]\" spellcheck=\"false\" required><\/div><div id=\"wpforms-73-field_2-container\" class=\"wpforms-field wpforms-field-textarea\" data-field-id=\"2\"><label class=\"wpforms-field-label\" for=\"wpforms-73-field_2\">Comentario o mensaje <span class=\"wpforms-required-label\">*<\/span><\/label><textarea id=\"wpforms-73-field_2\" class=\"wpforms-field-medium wpforms-field-required\" name=\"wpforms[fields][2]\" required><\/textarea><\/div><\/div><!-- .wpforms-field-container --><div class=\"wpforms-submit-container\" ><input type=\"hidden\" name=\"wpforms[id]\" value=\"73\"><input type=\"hidden\" name=\"page_title\" value=\"\"><input type=\"hidden\" name=\"page_url\" value=\"https:\/\/salud.marcolozada.com\/index.php\/wp-json\/wp\/v2\/pages\/510\"><input type=\"hidden\" name=\"url_referer\" value=\"\"><button type=\"submit\" name=\"wpforms[submit]\" id=\"wpforms-submit-73\" class=\"wpforms-submit\" data-alt-text=\"Enviando...\" data-submit-text=\"Enviar\" aria-live=\"assertive\" value=\"wpforms-submit\">Enviar<\/button><\/div><\/form><\/div>  <!-- .wpforms-container -->\t\t\t\t<\/div>\n\t\t\t\t<\/div>\n\t\t\t\t\t<\/div>\n\t\t<\/div>\n\t\t\t\t\t<\/div>\n\t\t<\/section>\n\t\t\t\t<\/div>\n\t\t","protected":false},"excerpt":{"rendered":"<p>En la l\u00ednea FitLine Skin te ofrecemos cosm\u00e9ticos de alta calidad que est\u00e1n perfectamente adaptados uno al otro.Ingredientes naturales que garantizan la m\u00e1xima tolerancia dermatol\u00f3gica posible. Suaves m\u00e9todos de fabricaci\u00f3n que garantizan la m\u00e1xima pureza y un continuo nivel de alta calidad. Tu piel ser\u00e1 notablemente m\u00e1s tensa, las l\u00edneas y las arrugas se reducir\u00e1n<\/p>\n<div class=\"more-link\">\n\t\t\t\t <a href=\"https:\/\/salud.marcolozada.com\/index.php\/fitline-skin\/\" class=\"btn theme-btn inverted\"><span>Continue Reading  <\/span><\/a>\n\t\t\t<\/div>\n","protected":false},"author":1,"featured_media":0,"parent":0,"menu_order":0,"comment_status":"closed","ping_status":"closed","template":"","meta":{"footnotes":""},"class_list":["post-510","page","type-page","status-publish","hentry"],"aioseo_notices":[],"blog_post_layout_featured_media_urls":{"thumbnail":"","full":""},"categories_names":null,"comments_number":"0","_links":{"self":[{"href":"https:\/\/salud.marcolozada.com\/index.php\/wp-json\/wp\/v2\/pages\/510","targetHints":{"allow":["GET"]}}],"collection":[{"href":"https:\/\/salud.marcolozada.com\/index.php\/wp-json\/wp\/v2\/pages"}],"about":[{"href":"https:\/\/salud.marcolozada.com\/index.php\/wp-json\/wp\/v2\/types\/page"}],"author":[{"embeddable":true,"href":"https:\/\/salud.marcolozada.com\/index.php\/wp-json\/wp\/v2\/users\/1"}],"replies":[{"embeddable":true,"href":"https:\/\/salud.marcolozada.com\/index.php\/wp-json\/wp\/v2\/comments?post=510"}],"version-history":[{"count":106,"href":"https:\/\/salud.marcolozada.com\/index.php\/wp-json\/wp\/v2\/pages\/510\/revisions"}],"predecessor-version":[{"id":1244,"href":"https:\/\/salud.marcolozada.com\/index.php\/wp-json\/wp\/v2\/pages\/510\/revisions\/1244"}],"wp:attachment":[{"href":"https:\/\/salud.marcolozada.com\/index.php\/wp-json\/wp\/v2\/media?parent=510"}],"curies":[{"name":"wp","href":"https:\/\/api.w.org\/{rel}","templated":true}]}}