{"id":420,"date":"2020-12-09T00:14:18","date_gmt":"2020-12-09T00:14:18","guid":{"rendered":"http:\/\/salud.marcolozada.com\/?page_id=420"},"modified":"2024-03-28T01:30:37","modified_gmt":"2024-03-28T01:30:37","slug":"ib5","status":"publish","type":"page","link":"https:\/\/salud.marcolozada.com\/index.php\/ib5\/","title":{"rendered":"IB5"},"content":{"rendered":"\t\t<div data-elementor-type=\"wp-page\" data-elementor-id=\"420\" class=\"elementor elementor-420\">\n\t\t\t\t\t\t<section class=\"elementor-section elementor-top-section elementor-element elementor-element-95b6528 elementor-section-boxed elementor-section-height-default elementor-section-height-default\" data-id=\"95b6528\" data-element_type=\"section\" data-e-type=\"section\">\n\t\t\t\t\t\t<div class=\"elementor-container elementor-column-gap-default\">\n\t\t\t\t\t<div class=\"elementor-column elementor-col-33 elementor-top-column elementor-element elementor-element-7c5b5e5\" data-id=\"7c5b5e5\" data-element_type=\"column\" data-e-type=\"column\">\n\t\t\t<div class=\"elementor-widget-wrap elementor-element-populated\">\n\t\t\t\t\t\t<div class=\"elementor-element elementor-element-a594f32 elementor-widget elementor-widget-image\" data-id=\"a594f32\" data-element_type=\"widget\" data-e-type=\"widget\" data-widget_type=\"image.default\">\n\t\t\t\t<div class=\"elementor-widget-container\">\n\t\t\t\t\t\t\t\t\t\t\t\t<figure class=\"wp-caption\">\n\t\t\t\t\t\t\t\t\t\t\t<a href=\"http:\/\/40418636.fitline.com\/0709035\">\n\t\t\t\t\t\t\t<img fetchpriority=\"high\" decoding=\"async\" width=\"480\" height=\"480\" src=\"https:\/\/salud.marcolozada.com\/wp-content\/uploads\/2020\/12\/DDBC400C-6FE2-44D5-8C34-30DD825D2E58.png\" class=\"attachment-large size-large wp-image-196\" alt=\"\" srcset=\"https:\/\/salud.marcolozada.com\/wp-content\/uploads\/2020\/12\/DDBC400C-6FE2-44D5-8C34-30DD825D2E58.png 480w, https:\/\/salud.marcolozada.com\/wp-content\/uploads\/2020\/12\/DDBC400C-6FE2-44D5-8C34-30DD825D2E58-300x300.png 300w, https:\/\/salud.marcolozada.com\/wp-content\/uploads\/2020\/12\/DDBC400C-6FE2-44D5-8C34-30DD825D2E58-150x150.png 150w\" sizes=\"(max-width: 480px) 100vw, 480px\" \/>\t\t\t\t\t\t\t\t<\/a>\n\t\t\t\t\t\t\t\t\t\t\t<figcaption class=\"widget-image-caption wp-caption-text\">IB5<\/figcaption>\n\t\t\t\t\t\t\t\t\t\t<\/figure>\n\t\t\t\t\t\t\t\t\t<\/div>\n\t\t\t\t<\/div>\n\t\t\t\t<div class=\"elementor-element elementor-element-1a2ccbb elementor-align-center elementor-widget elementor-widget-button\" data-id=\"1a2ccbb\" data-element_type=\"widget\" data-e-type=\"widget\" data-widget_type=\"button.default\">\n\t\t\t\t<div class=\"elementor-widget-container\">\n\t\t\t\t\t\t\t\t\t<div class=\"elementor-button-wrapper\">\n\t\t\t\t\t<a class=\"elementor-button elementor-button-link elementor-size-sm\" href=\"http:\/\/20285936.fitline.com\/0709035\">\n\t\t\t\t\t\t<span class=\"elementor-button-content-wrapper\">\n\t\t\t\t\t\t<span class=\"elementor-button-icon\">\n\t\t\t\t<i aria-hidden=\"true\" class=\"fas fa-shopping-cart\"><\/i>\t\t\t<\/span>\n\t\t\t\t\t\t\t\t\t<span class=\"elementor-button-text\">Ir a a la Tienda<\/span>\n\t\t\t\t\t<\/span>\n\t\t\t\t\t<\/a>\n\t\t\t\t<\/div>\n\t\t\t\t\t\t\t\t<\/div>\n\t\t\t\t<\/div>\n\t\t\t\t\t<\/div>\n\t\t<\/div>\n\t\t\t\t<div class=\"elementor-column elementor-col-66 elementor-top-column elementor-element elementor-element-9c4b663\" data-id=\"9c4b663\" data-element_type=\"column\" data-e-type=\"column\">\n\t\t\t<div class=\"elementor-widget-wrap elementor-element-populated\">\n\t\t\t\t\t\t<div class=\"elementor-element elementor-element-8ed7c10 elementor-widget elementor-widget-text-editor\" data-id=\"8ed7c10\" data-element_type=\"widget\" data-e-type=\"widget\" data-widget_type=\"text-editor.default\">\n\t\t\t\t<div class=\"elementor-widget-container\">\n\t\t\t\t\t\t\t\t\t<h4><strong>FitLine IB5 ofrece en el acto una combinaci\u00f3n de ingredientes activos naturales\u00b9 que apoyan tu sistema inmunol\u00f3gico\u00b2.<\/strong><\/h4><h6>\u00a0<\/h6><p><strong>Si\u00e9ntete apoyado por la fuerza natural de los extractos de tomillo, menta, jengibre, uvas, clavo y levadura Beta-glucano. Con su tama\u00f1o de bolsillo, Fitline IB5 siempre est\u00e1 listo para usarlo cuando necesites. Ayuda todos los d\u00edas a tus c\u00e9lulas y a las defensas de tu cuerpo\u00b2.<\/strong><\/p><p><strong>FitLine IB5 es adem\u00e1s rico en vitamina A, riboflav\u00f3n y biotina que contribuyen al mantenimiento de las membranas mucosas normales.<\/strong><\/p><p><strong>Contiene vitamina E que contribuye a la protecci\u00f3n de las c\u00e9lulas frente al estr\u00e9s oxidativo.<br \/>Con vitamina A, D y B12 contribuyen al funcionamiento normal del sistema inmunol\u00f3gico<\/strong><\/p><h3 class=\"blue\">Modo de empleo<\/h3><div><p>RECOMENDACI\u00d3N: Agitar antes de usar y rociar 3 veces IB5 (0,39 ml) en la boca, 1 a 2 veces al d\u00eda.<\/p><\/div><h3 class=\"blue\">Componentes<\/h3><p>INGREDIENTES: glicerol, agua, emulsionante (lecitina de soya), vitamina E, aceite vegetal (coco), aceite de menta de ma\u00edz (Mentha arvensis), aceite de tomillo (Thymus vulgaris), extracto de clavo (Syzygium aromaticum), extracto de jengibre (Zingiber officinale), vitamina B2, extracto de semilla de uva (Vitis vinifera), vitamina A, betaglucanos de levadura (Saccharomyces cerevisiae), biotina, vitamina D3, vitamina B12.<\/p>\t\t\t\t\t\t\t\t<\/div>\n\t\t\t\t<\/div>\n\t\t\t\t\t<\/div>\n\t\t<\/div>\n\t\t\t\t\t<\/div>\n\t\t<\/section>\n\t\t\t\t<section class=\"elementor-section elementor-top-section elementor-element elementor-element-c3f6a79 elementor-section-boxed elementor-section-height-default elementor-section-height-default\" data-id=\"c3f6a79\" data-element_type=\"section\" data-e-type=\"section\">\n\t\t\t\t\t\t<div class=\"elementor-container elementor-column-gap-default\">\n\t\t\t\t\t<div class=\"elementor-column elementor-col-100 elementor-top-column elementor-element elementor-element-15abc9d\" data-id=\"15abc9d\" data-element_type=\"column\" data-e-type=\"column\">\n\t\t\t<div class=\"elementor-widget-wrap elementor-element-populated\">\n\t\t\t\t\t\t<div class=\"elementor-element elementor-element-08756ea elementor-widget elementor-widget-text-editor\" data-id=\"08756ea\" data-element_type=\"widget\" data-e-type=\"widget\" data-widget_type=\"text-editor.default\">\n\t\t\t\t<div class=\"elementor-widget-container\">\n\t\t\t\t\t\t\t\t\t<h5><strong><em>Si tienes dudas sobre los productos, el como adquirirlos, o sobre la forma de pago, escr\u00edbenos a trav\u00e9s del siguiente formulario y con gusto te asesoramos&#8230;<\/em><\/strong><\/h5>\t\t\t\t\t\t\t\t<\/div>\n\t\t\t\t<\/div>\n\t\t\t\t<div class=\"elementor-element elementor-element-d967e28 elementor-widget elementor-widget-wpforms\" data-id=\"d967e28\" data-element_type=\"widget\" data-e-type=\"widget\" data-widget_type=\"wpforms.default\">\n\t\t\t\t<div class=\"elementor-widget-container\">\n\t\t\t\t\t<div class=\"wpforms-container wpforms-container-full\" id=\"wpforms-73\"><form id=\"wpforms-form-73\" class=\"wpforms-validate wpforms-form\" data-formid=\"73\" method=\"post\" enctype=\"multipart\/form-data\" action=\"\/index.php\/wp-json\/wp\/v2\/pages\/420\" data-token=\"dc2648b5563527ba0f36cb5773849a32\" data-token-time=\"1778847746\"><noscript class=\"wpforms-error-noscript\">Por favor, activa JavaScript en tu navegador para completar este formulario.<\/noscript><div class=\"wpforms-field-container\"><div id=\"wpforms-73-field_0-container\" class=\"wpforms-field wpforms-field-name\" data-field-id=\"0\"><label class=\"wpforms-field-label\">Nombre <span class=\"wpforms-required-label\">*<\/span><\/label><div class=\"wpforms-field-row wpforms-field-medium\"><div class=\"wpforms-field-row-block wpforms-first wpforms-one-half\"><input type=\"text\" id=\"wpforms-73-field_0\" class=\"wpforms-field-name-first wpforms-field-required\" name=\"wpforms[fields][0][first]\" required><label for=\"wpforms-73-field_0\" class=\"wpforms-field-sublabel after\">Nombre<\/label><\/div><div class=\"wpforms-field-row-block wpforms-one-half\"><input type=\"text\" id=\"wpforms-73-field_0-last\" class=\"wpforms-field-name-last wpforms-field-required\" name=\"wpforms[fields][0][last]\" required><label for=\"wpforms-73-field_0-last\" class=\"wpforms-field-sublabel after\">Apellidos<\/label><\/div><\/div><\/div><div id=\"wpforms-73-field_1-container\" class=\"wpforms-field wpforms-field-email\" data-field-id=\"1\"><label class=\"wpforms-field-label\" for=\"wpforms-73-field_1\">Correo electr\u00f3nico <span class=\"wpforms-required-label\">*<\/span><\/label><input type=\"email\" id=\"wpforms-73-field_1\" class=\"wpforms-field-medium wpforms-field-required\" name=\"wpforms[fields][1]\" spellcheck=\"false\" required><\/div><div id=\"wpforms-73-field_2-container\" class=\"wpforms-field wpforms-field-textarea\" data-field-id=\"2\"><label class=\"wpforms-field-label\" for=\"wpforms-73-field_2\">Comentario o mensaje <span class=\"wpforms-required-label\">*<\/span><\/label><textarea id=\"wpforms-73-field_2\" class=\"wpforms-field-medium wpforms-field-required\" name=\"wpforms[fields][2]\" required><\/textarea><\/div><\/div><!-- .wpforms-field-container --><div class=\"wpforms-submit-container\" ><input type=\"hidden\" name=\"wpforms[id]\" value=\"73\"><input type=\"hidden\" name=\"page_title\" value=\"\"><input type=\"hidden\" name=\"page_url\" value=\"https:\/\/salud.marcolozada.com\/index.php\/wp-json\/wp\/v2\/pages\/420\"><input type=\"hidden\" name=\"url_referer\" value=\"\"><button type=\"submit\" name=\"wpforms[submit]\" id=\"wpforms-submit-73\" class=\"wpforms-submit\" data-alt-text=\"Enviando...\" data-submit-text=\"Enviar\" aria-live=\"assertive\" value=\"wpforms-submit\">Enviar<\/button><\/div><\/form><\/div>  <!-- .wpforms-container -->\t\t\t\t<\/div>\n\t\t\t\t<\/div>\n\t\t\t\t\t<\/div>\n\t\t<\/div>\n\t\t\t\t\t<\/div>\n\t\t<\/section>\n\t\t\t\t<\/div>\n\t\t","protected":false},"excerpt":{"rendered":"<p>IB5 Ir a a la Tienda FitLine IB5 ofrece en el acto una combinaci\u00f3n de ingredientes activos naturales\u00b9 que apoyan tu sistema inmunol\u00f3gico\u00b2. \u00a0 Si\u00e9ntete apoyado por la fuerza natural de los extractos de tomillo, menta, jengibre, uvas, clavo y levadura Beta-glucano. Con su tama\u00f1o de bolsillo, Fitline IB5 siempre est\u00e1 listo para usarlo cuando<\/p>\n<div class=\"more-link\">\n\t\t\t\t <a href=\"https:\/\/salud.marcolozada.com\/index.php\/ib5\/\" class=\"btn theme-btn inverted\"><span>Continue Reading  <\/span><\/a>\n\t\t\t<\/div>\n","protected":false},"author":1,"featured_media":0,"parent":0,"menu_order":0,"comment_status":"closed","ping_status":"closed","template":"","meta":{"footnotes":""},"class_list":["post-420","page","type-page","status-publish","hentry"],"aioseo_notices":[],"blog_post_layout_featured_media_urls":{"thumbnail":"","full":""},"categories_names":null,"comments_number":"0","_links":{"self":[{"href":"https:\/\/salud.marcolozada.com\/index.php\/wp-json\/wp\/v2\/pages\/420","targetHints":{"allow":["GET"]}}],"collection":[{"href":"https:\/\/salud.marcolozada.com\/index.php\/wp-json\/wp\/v2\/pages"}],"about":[{"href":"https:\/\/salud.marcolozada.com\/index.php\/wp-json\/wp\/v2\/types\/page"}],"author":[{"embeddable":true,"href":"https:\/\/salud.marcolozada.com\/index.php\/wp-json\/wp\/v2\/users\/1"}],"replies":[{"embeddable":true,"href":"https:\/\/salud.marcolozada.com\/index.php\/wp-json\/wp\/v2\/comments?post=420"}],"version-history":[{"count":26,"href":"https:\/\/salud.marcolozada.com\/index.php\/wp-json\/wp\/v2\/pages\/420\/revisions"}],"predecessor-version":[{"id":1170,"href":"https:\/\/salud.marcolozada.com\/index.php\/wp-json\/wp\/v2\/pages\/420\/revisions\/1170"}],"wp:attachment":[{"href":"https:\/\/salud.marcolozada.com\/index.php\/wp-json\/wp\/v2\/media?parent=420"}],"curies":[{"name":"wp","href":"https:\/\/api.w.org\/{rel}","templated":true}]}}