{"id":349,"date":"2020-12-08T16:48:59","date_gmt":"2020-12-08T16:48:59","guid":{"rendered":"http:\/\/salud.marcolozada.com\/?page_id=349"},"modified":"2024-03-28T01:26:57","modified_gmt":"2024-03-28T01:26:57","slug":"fitline-optimal-extra-set","status":"publish","type":"page","link":"https:\/\/salud.marcolozada.com\/index.php\/fitline-optimal-extra-set\/","title":{"rendered":"Fitline Optimal Extra Set"},"content":{"rendered":"\t\t<div data-elementor-type=\"wp-page\" data-elementor-id=\"349\" class=\"elementor elementor-349\">\n\t\t\t\t\t\t<section class=\"elementor-section elementor-top-section elementor-element elementor-element-854473a elementor-section-boxed elementor-section-height-default elementor-section-height-default\" data-id=\"854473a\" data-element_type=\"section\" data-e-type=\"section\">\n\t\t\t\t\t\t<div class=\"elementor-container elementor-column-gap-default\">\n\t\t\t\t\t<div class=\"elementor-column elementor-col-33 elementor-top-column elementor-element elementor-element-0d960f1\" data-id=\"0d960f1\" data-element_type=\"column\" data-e-type=\"column\">\n\t\t\t<div class=\"elementor-widget-wrap elementor-element-populated\">\n\t\t\t\t\t\t<div class=\"elementor-element elementor-element-b046082 elementor-widget elementor-widget-image\" data-id=\"b046082\" data-element_type=\"widget\" data-e-type=\"widget\" data-widget_type=\"image.default\">\n\t\t\t\t<div class=\"elementor-widget-container\">\n\t\t\t\t\t\t\t\t\t\t\t\t<figure class=\"wp-caption\">\n\t\t\t\t\t\t\t\t\t\t\t<a href=\"http:\/\/40418636.fitline.com\/9700243\">\n\t\t\t\t\t\t\t<img fetchpriority=\"high\" decoding=\"async\" width=\"480\" height=\"480\" src=\"https:\/\/salud.marcolozada.com\/wp-content\/uploads\/2020\/12\/EC18351A-68D5-43F9-84E1-AA9AC20D2300.jpeg\" class=\"attachment-large size-large wp-image-168\" alt=\"\" srcset=\"https:\/\/salud.marcolozada.com\/wp-content\/uploads\/2020\/12\/EC18351A-68D5-43F9-84E1-AA9AC20D2300.jpeg 480w, https:\/\/salud.marcolozada.com\/wp-content\/uploads\/2020\/12\/EC18351A-68D5-43F9-84E1-AA9AC20D2300-300x300.jpeg 300w, https:\/\/salud.marcolozada.com\/wp-content\/uploads\/2020\/12\/EC18351A-68D5-43F9-84E1-AA9AC20D2300-150x150.jpeg 150w\" sizes=\"(max-width: 480px) 100vw, 480px\" \/>\t\t\t\t\t\t\t\t<\/a>\n\t\t\t\t\t\t\t\t\t\t\t<figcaption class=\"widget-image-caption wp-caption-text\">Fitline Optimal Extra Set<\/figcaption>\n\t\t\t\t\t\t\t\t\t\t<\/figure>\n\t\t\t\t\t\t\t\t\t<\/div>\n\t\t\t\t<\/div>\n\t\t\t\t<div class=\"elementor-element elementor-element-5e7b803 elementor-align-center elementor-widget elementor-widget-button\" data-id=\"5e7b803\" data-element_type=\"widget\" data-e-type=\"widget\" data-widget_type=\"button.default\">\n\t\t\t\t<div class=\"elementor-widget-container\">\n\t\t\t\t\t\t\t\t\t<div class=\"elementor-button-wrapper\">\n\t\t\t\t\t<a class=\"elementor-button elementor-button-link elementor-size-sm\" href=\"http:\/\/20285936.fitline.com\/9700243\">\n\t\t\t\t\t\t<span class=\"elementor-button-content-wrapper\">\n\t\t\t\t\t\t<span class=\"elementor-button-icon\">\n\t\t\t\t<i aria-hidden=\"true\" class=\"fas fa-shopping-cart\"><\/i>\t\t\t<\/span>\n\t\t\t\t\t\t\t\t\t<span class=\"elementor-button-text\">Ir a la Tienda<\/span>\n\t\t\t\t\t<\/span>\n\t\t\t\t\t<\/a>\n\t\t\t\t<\/div>\n\t\t\t\t\t\t\t\t<\/div>\n\t\t\t\t<\/div>\n\t\t\t\t\t<\/div>\n\t\t<\/div>\n\t\t\t\t<div class=\"elementor-column elementor-col-66 elementor-top-column elementor-element elementor-element-6cd23aa\" data-id=\"6cd23aa\" data-element_type=\"column\" data-e-type=\"column\">\n\t\t\t<div class=\"elementor-widget-wrap elementor-element-populated\">\n\t\t\t\t\t\t<div class=\"elementor-element elementor-element-0308d7c elementor-widget elementor-widget-text-editor\" data-id=\"0308d7c\" data-element_type=\"widget\" data-e-type=\"widget\" data-widget_type=\"text-editor.default\">\n\t\t\t\t<div class=\"elementor-widget-container\">\n\t\t\t\t\t\t\t\t\t<h4><strong>Para los productos FitLine hemos desarrollado un concepto de transporte de nutrientes, un concepto que obtiene la m\u00e1xima biodisponibilidad de los nutrientes contenidos en nuestros productos. Estos nutrientes son llevados directamente a las c\u00e9lulas. El set de energ\u00eda celular est\u00e1 configurado para todos aquellos que necesitan vitalidad diaria adicional. La combinaci\u00f3n suplementaria junto con Q10 y Omega 3+E, le permiten disfrutar de forma eficaz de los beneficios alimentarios.<\/strong><\/h4><p>\u00a0<\/p><ul><li style=\"list-style-type: none;\"><ul><li>FitLine Optimal Set suministra\u00a0 las sustancias nutritivas cuando el cuerpo los necesita (por las ma\u00f1anas y por la tarde).<\/li><li>T\u00f3mate FitLine Basics con FitLine Activize Oxiplus por las ma\u00f1anas y FitLine Restorate por la noche.\u00a0<\/li><li>Los productos se preparan f\u00e1cilmente y su preparaci\u00f3n se hace un buen h\u00e1bito en pocos d\u00edas.<\/li><\/ul><\/li><\/ul><h4>\u00a0<\/h4><h4><strong>Modo de empleo<\/strong><\/h4><div><ul><li style=\"list-style-type: none;\"><ul><li>Basics: Disolver 1 sobre (12 g)\u00a0 en 200 ml de agua sin gas.<\/li><li>Recomendaci\u00f3n diaria: 1 porci\u00f3n por d\u00eda. Ideal por las ma\u00f1anas junto con FitLine Activize.<\/li><li>Activize Oxyplus: Disolver 1 cuchara de medici\u00f3n (1,67g) en 40 ml de agua sin gas<\/li><li>Restorate: Disolver 6,7g en 250 ml de agua sin gas sin dejar de remover hasta que se disuelva por completo.<\/li><li>Tomar inmediatamente despu\u00e9s a peque\u00f1os sorbos. Idealmente por la noche.<\/li><li>Omega 3 + Vitamina E: Agregar 35 gotas una vez al d\u00eda a cualquier bebida fr\u00eda, lo ideal es por la ma\u00f1ana con Basics y Activize o con Restorate por la noche.<\/li><li>Q10 Plus: A\u00f1adir 18 gotas (1ml) una vez al d\u00eda a cualquier bebida fr\u00eda.<\/li><\/ul><\/li><\/ul><\/div>\t\t\t\t\t\t\t\t<\/div>\n\t\t\t\t<\/div>\n\t\t\t\t\t<\/div>\n\t\t<\/div>\n\t\t\t\t\t<\/div>\n\t\t<\/section>\n\t\t\t\t<section class=\"elementor-section elementor-top-section elementor-element elementor-element-d8494ce elementor-section-boxed elementor-section-height-default elementor-section-height-default\" data-id=\"d8494ce\" data-element_type=\"section\" data-e-type=\"section\">\n\t\t\t\t\t\t<div class=\"elementor-container elementor-column-gap-default\">\n\t\t\t\t\t<div class=\"elementor-column elementor-col-100 elementor-top-column elementor-element elementor-element-b5fce9f\" data-id=\"b5fce9f\" data-element_type=\"column\" data-e-type=\"column\">\n\t\t\t<div class=\"elementor-widget-wrap elementor-element-populated\">\n\t\t\t\t\t\t<div class=\"elementor-element elementor-element-619be39 elementor-widget elementor-widget-text-editor\" data-id=\"619be39\" data-element_type=\"widget\" data-e-type=\"widget\" data-widget_type=\"text-editor.default\">\n\t\t\t\t<div class=\"elementor-widget-container\">\n\t\t\t\t\t\t\t\t\t<h5><strong><em>Si tienes dudas sobre los productos, el como adquirirlos, o sobre la forma de pago, escr\u00edbenos a trav\u00e9s del siguiente formulario y con gusto te asesoramos&#8230;<\/em><\/strong><\/h5>\t\t\t\t\t\t\t\t<\/div>\n\t\t\t\t<\/div>\n\t\t\t\t<div class=\"elementor-element elementor-element-e4b828e elementor-widget elementor-widget-wpforms\" data-id=\"e4b828e\" data-element_type=\"widget\" data-e-type=\"widget\" data-widget_type=\"wpforms.default\">\n\t\t\t\t<div class=\"elementor-widget-container\">\n\t\t\t\t\t<div class=\"wpforms-container wpforms-container-full\" id=\"wpforms-73\"><form id=\"wpforms-form-73\" class=\"wpforms-validate wpforms-form\" data-formid=\"73\" method=\"post\" enctype=\"multipart\/form-data\" action=\"\/index.php\/wp-json\/wp\/v2\/pages\/349\" data-token=\"dc2648b5563527ba0f36cb5773849a32\" data-token-time=\"1778847738\"><noscript class=\"wpforms-error-noscript\">Por favor, activa JavaScript en tu navegador para completar este formulario.<\/noscript><div class=\"wpforms-field-container\"><div id=\"wpforms-73-field_0-container\" class=\"wpforms-field wpforms-field-name\" data-field-id=\"0\"><label class=\"wpforms-field-label\">Nombre <span class=\"wpforms-required-label\">*<\/span><\/label><div class=\"wpforms-field-row wpforms-field-medium\"><div class=\"wpforms-field-row-block wpforms-first wpforms-one-half\"><input type=\"text\" id=\"wpforms-73-field_0\" class=\"wpforms-field-name-first wpforms-field-required\" name=\"wpforms[fields][0][first]\" required><label for=\"wpforms-73-field_0\" class=\"wpforms-field-sublabel after\">Nombre<\/label><\/div><div class=\"wpforms-field-row-block wpforms-one-half\"><input type=\"text\" id=\"wpforms-73-field_0-last\" class=\"wpforms-field-name-last wpforms-field-required\" name=\"wpforms[fields][0][last]\" required><label for=\"wpforms-73-field_0-last\" class=\"wpforms-field-sublabel after\">Apellidos<\/label><\/div><\/div><\/div><div id=\"wpforms-73-field_1-container\" class=\"wpforms-field wpforms-field-email\" data-field-id=\"1\"><label class=\"wpforms-field-label\" for=\"wpforms-73-field_1\">Correo electr\u00f3nico <span class=\"wpforms-required-label\">*<\/span><\/label><input type=\"email\" id=\"wpforms-73-field_1\" class=\"wpforms-field-medium wpforms-field-required\" name=\"wpforms[fields][1]\" spellcheck=\"false\" required><\/div><div id=\"wpforms-73-field_2-container\" class=\"wpforms-field wpforms-field-textarea\" data-field-id=\"2\"><label class=\"wpforms-field-label\" for=\"wpforms-73-field_2\">Comentario o mensaje <span class=\"wpforms-required-label\">*<\/span><\/label><textarea id=\"wpforms-73-field_2\" class=\"wpforms-field-medium wpforms-field-required\" name=\"wpforms[fields][2]\" required><\/textarea><\/div><\/div><!-- .wpforms-field-container --><div class=\"wpforms-submit-container\" ><input type=\"hidden\" name=\"wpforms[id]\" value=\"73\"><input type=\"hidden\" name=\"page_title\" value=\"\"><input type=\"hidden\" name=\"page_url\" value=\"https:\/\/salud.marcolozada.com\/index.php\/wp-json\/wp\/v2\/pages\/349\"><input type=\"hidden\" name=\"url_referer\" value=\"\"><button type=\"submit\" name=\"wpforms[submit]\" id=\"wpforms-submit-73\" class=\"wpforms-submit\" data-alt-text=\"Enviando...\" data-submit-text=\"Enviar\" aria-live=\"assertive\" value=\"wpforms-submit\">Enviar<\/button><\/div><\/form><\/div>  <!-- .wpforms-container -->\t\t\t\t<\/div>\n\t\t\t\t<\/div>\n\t\t\t\t\t<\/div>\n\t\t<\/div>\n\t\t\t\t\t<\/div>\n\t\t<\/section>\n\t\t\t\t<\/div>\n\t\t","protected":false},"excerpt":{"rendered":"<p>Fitline Optimal Extra Set Ir a la Tienda Para los productos FitLine hemos desarrollado un concepto de transporte de nutrientes, un concepto que obtiene la m\u00e1xima biodisponibilidad de los nutrientes contenidos en nuestros productos. Estos nutrientes son llevados directamente a las c\u00e9lulas. El set de energ\u00eda celular est\u00e1 configurado para todos aquellos que necesitan vitalidad<\/p>\n<div class=\"more-link\">\n\t\t\t\t <a href=\"https:\/\/salud.marcolozada.com\/index.php\/fitline-optimal-extra-set\/\" class=\"btn theme-btn inverted\"><span>Continue Reading  <\/span><\/a>\n\t\t\t<\/div>\n","protected":false},"author":1,"featured_media":0,"parent":0,"menu_order":0,"comment_status":"closed","ping_status":"closed","template":"","meta":{"footnotes":""},"class_list":["post-349","page","type-page","status-publish","hentry"],"aioseo_notices":[],"blog_post_layout_featured_media_urls":{"thumbnail":"","full":""},"categories_names":null,"comments_number":"0","_links":{"self":[{"href":"https:\/\/salud.marcolozada.com\/index.php\/wp-json\/wp\/v2\/pages\/349","targetHints":{"allow":["GET"]}}],"collection":[{"href":"https:\/\/salud.marcolozada.com\/index.php\/wp-json\/wp\/v2\/pages"}],"about":[{"href":"https:\/\/salud.marcolozada.com\/index.php\/wp-json\/wp\/v2\/types\/page"}],"author":[{"embeddable":true,"href":"https:\/\/salud.marcolozada.com\/index.php\/wp-json\/wp\/v2\/users\/1"}],"replies":[{"embeddable":true,"href":"https:\/\/salud.marcolozada.com\/index.php\/wp-json\/wp\/v2\/comments?post=349"}],"version-history":[{"count":40,"href":"https:\/\/salud.marcolozada.com\/index.php\/wp-json\/wp\/v2\/pages\/349\/revisions"}],"predecessor-version":[{"id":1158,"href":"https:\/\/salud.marcolozada.com\/index.php\/wp-json\/wp\/v2\/pages\/349\/revisions\/1158"}],"wp:attachment":[{"href":"https:\/\/salud.marcolozada.com\/index.php\/wp-json\/wp\/v2\/media?parent=349"}],"curies":[{"name":"wp","href":"https:\/\/api.w.org\/{rel}","templated":true}]}}