{"id":231,"date":"2020-12-03T00:28:07","date_gmt":"2020-12-03T00:28:07","guid":{"rendered":"http:\/\/salud.marcolozada.com\/?page_id=231"},"modified":"2024-03-28T01:31:29","modified_gmt":"2024-03-28T01:31:29","slug":"inicio","status":"publish","type":"page","link":"https:\/\/salud.marcolozada.com\/index.php\/inicio\/","title":{"rendered":"Inicio"},"content":{"rendered":"\t\t<div data-elementor-type=\"wp-page\" data-elementor-id=\"231\" class=\"elementor elementor-231\">\n\t\t\t\t\t\t<section class=\"elementor-section elementor-top-section elementor-element elementor-element-d84a4d7 elementor-section-boxed elementor-section-height-default elementor-section-height-default\" data-id=\"d84a4d7\" data-element_type=\"section\" data-e-type=\"section\">\n\t\t\t\t\t\t<div class=\"elementor-container elementor-column-gap-default\">\n\t\t\t\t\t<div class=\"elementor-column elementor-col-100 elementor-top-column elementor-element elementor-element-4a57502\" data-id=\"4a57502\" data-element_type=\"column\" data-e-type=\"column\" data-settings=\"{&quot;animation&quot;:&quot;none&quot;}\">\n\t\t\t<div class=\"elementor-widget-wrap elementor-element-populated\">\n\t\t\t\t\t\t<div class=\"elementor-element elementor-element-01f4ef2 elementor-widget elementor-widget-heading\" data-id=\"01f4ef2\" data-element_type=\"widget\" data-e-type=\"widget\" data-widget_type=\"heading.default\">\n\t\t\t\t<div class=\"elementor-widget-container\">\n\t\t\t\t\t<h2 class=\"elementor-heading-title elementor-size-default\">\u00bfQu\u00e9 es PM-International y c\u00f3mo funciona?<\/h2>\t\t\t\t<\/div>\n\t\t\t\t<\/div>\n\t\t\t\t<div class=\"elementor-element elementor-element-d9f892e elementor-widget elementor-widget-text-editor\" data-id=\"d9f892e\" data-element_type=\"widget\" data-e-type=\"widget\" data-widget_type=\"text-editor.default\">\n\t\t\t\t<div class=\"elementor-widget-container\">\n\t\t\t\t\t\t\t\t\t<h3><img fetchpriority=\"high\" decoding=\"async\" class=\"size-full wp-image-922 alignleft\" src=\"https:\/\/salud.marcolozada.com\/wp-content\/uploads\/2021\/02\/PM-Mexico.jpeg\" alt=\"\" width=\"225\" height=\"225\" srcset=\"https:\/\/salud.marcolozada.com\/wp-content\/uploads\/2021\/02\/PM-Mexico.jpeg 225w, https:\/\/salud.marcolozada.com\/wp-content\/uploads\/2021\/02\/PM-Mexico-150x150.jpeg 150w\" sizes=\"(max-width: 225px) 100vw, 225px\" \/><\/h3><p>PM International comenz\u00f3 en 1993 como P.M. Productos cosm\u00e9ticos. Hoy PM International es una compa\u00f1\u00eda de <strong><a href=\"https:\/\/vivaelnetworking.com\/documentos\/multinivel-mlm\/\" target=\"_blank\" rel=\"noreferrer noopener\">MLM<\/a><\/strong> que opera en el segmentos de los suplementos nutricionales y en el nicho del cuidado personal en el MLM. nutricional y nichos de la industria del network marketing.<\/p><p>La compa\u00f1\u00eda tiene su sede en Luxemburgo (anteriormente estaba en Alemania) siendo una de las compa\u00f1\u00edas de marketing directo m\u00e1s grandes de Europa en las \u00e1reas de salud, bienestar y belleza\u201d.<\/p><p>Rolf Sorg su fundador, comenz\u00f3 como mec\u00e1nico de autom\u00f3viles. Estaba fascinado por el marketing directo y durante sus primeros tres a\u00f1os patrocin\u00f3 un promedio de al menos 10 socios comerciales por mes.<\/p><h2><span id=\"Productos_de_PM_International\">Productos de PM International <\/span><\/h2><div>\u00a0<\/div><p>A trav\u00e9s de sus marcas <strong>FitLine y BeautyLine,<\/strong> PM International comercializa una gama de suplementos nutricionales y productos para el cuidado personal.<\/p><p>Los suplementos nutricionales de alta calidad y fuera de serie FitLine incluyen un Concepto de Transporte Nutricional (NTC) \u00fanico.<\/p><p>El concepto de transporte nutricional implica que el producto lleva los nutrientes a donde se necesitan, exactamente cuando se necesitan, a nivel celular.<\/p><h4><strong>Dentro de los productos de la l\u00ednea FitLine de PM International encontramos:<\/strong><\/h4><p><strong>Basics:<\/strong> \u201ccon lo mejor de las frutas, verduras y cereales, fibras, bacterias l\u00e1cticas vivas y enzimas, as\u00ed como valiosos extractos de hierbas ayurv\u00e9dicas indias, el sistema digestivo se cuida de m\u00faltiples maneras con este producto\u201d, se vende en una caja de 600 gramos.<\/p><p><strong>Activize Oxyplus:<\/strong> <em>\u201csuministra las sustancias activas que nuestro cuerpo necesita para producir energ\u00eda\u201d<\/em>, se vende en una caja de 174 gramos.<\/p><p><strong>Power Cocktail:<\/strong> <em>\u201capoya la ingesta \u00f3ptima de nutrientes\u201d (vitamina B2, C, E y selenio)<\/em>\u201c, se vende en una caja de 600 gramos.<\/p><p><strong>Restorate:<\/strong> Contiene <em>\u201c10 minerales altamente nutritivos para una mejor regeneraci\u00f3n\u201d<\/em>, se vende a USD 23 en una caja de 200 gramos.<\/p><p><strong>ProShape All-in-1:<\/strong> Batido de reemplazo diario de comidas (vainilla y chocolate), se vende a USD 34 en un recipiente de 420 gramos.<\/p><p><strong>ProShape Amino <\/strong>\u2013 <em>\u201cun suplemento diet\u00e9tico destinado a cubrir el gasto de esfuerzo muscular intenso, especialmente para los atletas\u201d<\/em>, se vende a USD 62 en un recipiente de 115 gramos.<\/p><p><strong>C\u00e1psulas CC-Cel:<\/strong> <em>\u201cpara la piel tensa contra la celulitis\u201d<\/em>, se vende a USD 64 en una botella de 60 c\u00e1psulas.<\/p><p><strong>CC-Cel Lotion \u2013<\/strong> <em>\u201cloci\u00f3n que forma figuras (que) suaviza la apariencia de la celulitis\u201d,<\/em> se vende a USD 32 en un tubo de 125 ml.<\/p><p><strong>Q10 \u2013 <\/strong><em>\u201cpara la producci\u00f3n de energ\u00eda en las c\u00e9lulas<\/em>\u201c, se vende a USD 47 en una botella de 30 ml.<\/p><p><strong>Heart Duo \u2013 <\/strong><em>\u201cOmega 3 de aceite de pescado de alta calidad\u201d<\/em>, se vende a USD 74 en una botella de 50 ml.<\/p><p><strong>Omega 3:<\/strong> <em>\u201cpara funciones cardiovasculares saludables\u201d,<\/em> se vende a USD 38 en una botella de 50 ml<\/p><p><strong>Fitness Drink:<\/strong> <em>\u201capoya la ingesta \u00f3ptima de nutrientes\u201d<\/em> de magnesio y vitaminas B, se vende a USD 48 en una caja de 450 gramos con sobres de una sola porci\u00f3n<\/p><p><strong>T\u00e9 de hierbas:<\/strong> <em>\u201chierbas de alta calidad en una mezcla \u00fanica\u201d<\/em>, se vende a USD 15 en una caja de 100 gramos.<\/p><p><strong>D-Drink:<\/strong> Bebida suplementaria diaria, se vende a USD 37 en una caja de catorce bolsitas individuales.<\/p><p>PM International afirma que <em>\u201cmuchos de los mejores atletas de todo el mundo\u201d<\/em> usan sus suplementos FitLine.<\/p><p><strong>En la serie BeautyLine, PM International una l\u00ednea de cosm\u00e9ticos de alta calidad que combinan perfectamente entre s\u00ed.<\/strong><\/p><p>Los ingredientes naturales aseguran la mayor tolerancia dermatol\u00f3gica posible.<\/p><p>Los m\u00e9todos suaves de fabricaci\u00f3n garantizan la m\u00e1xima pureza y un alto nivel de calidad continuamente.<\/p><h4><strong>Estos son los productos m\u00e1s destacados de la serie BeautyLine.<\/strong><\/h4><p><strong>Ultimate Young:<\/strong> <em>\u201clas l\u00edneas se reducen inmediatamente y la piel se tonifica de manera visible y notable\u201d<\/em>, se vende a USD 117 en una botella de 15 ml.<\/p><p><strong>4ever:<\/strong> <em>\u201cun rico cuidado facial las 24 horas para las ma\u00f1anas y las noches para apoyar la juventud de su piel<\/em>\u201c, se vende a USD 66 en una botella de 50 ml.<\/p><p><strong>Cleansing Tonic: <\/strong><em>\u201ccierra la capa \u00e1cida protectora de la piel y la prepara de la mejor manera posible para el cuidado que sigue\u201d<\/em>, se vende a USD 28 en una botella de 200 ml.<\/p><p><strong>Cleansing Milk: <\/strong><em>\u201clibera los poros del maquillaje, las c\u00e9lulas muertas de la piel y el exceso de grasa\u201d<\/em>, se vende a USD 28 en una botella de 200 ml.<\/p><p>Adem\u00e1s de venderse por separado, varios productos de PM International tambi\u00e9n se agrupan en paquetes combinados complementarios.<\/p>\t\t\t\t\t\t\t\t<\/div>\n\t\t\t\t<\/div>\n\t\t\t\t\t<\/div>\n\t\t<\/div>\n\t\t\t\t\t<\/div>\n\t\t<\/section>\n\t\t\t\t<section class=\"elementor-section elementor-top-section elementor-element elementor-element-ea97ef7 elementor-section-boxed elementor-section-height-default elementor-section-height-default\" data-id=\"ea97ef7\" data-element_type=\"section\" data-e-type=\"section\">\n\t\t\t\t\t\t<div class=\"elementor-container elementor-column-gap-default\">\n\t\t\t\t\t<div class=\"elementor-column elementor-col-25 elementor-top-column elementor-element elementor-element-c366cf6\" data-id=\"c366cf6\" data-element_type=\"column\" data-e-type=\"column\">\n\t\t\t<div class=\"elementor-widget-wrap\">\n\t\t\t\t\t\t\t<\/div>\n\t\t<\/div>\n\t\t\t\t<div class=\"elementor-column elementor-col-50 elementor-top-column elementor-element elementor-element-95ee158\" data-id=\"95ee158\" data-element_type=\"column\" data-e-type=\"column\">\n\t\t\t<div class=\"elementor-widget-wrap elementor-element-populated\">\n\t\t\t\t\t\t<div class=\"elementor-element elementor-element-0c14230 elementor-widget elementor-widget-video\" data-id=\"0c14230\" data-element_type=\"widget\" data-e-type=\"widget\" data-settings=\"{&quot;youtube_url&quot;:&quot;https:\\\/\\\/www.youtube.com\\\/watch?v=1m0ArbOJEkM&quot;,&quot;video_type&quot;:&quot;youtube&quot;,&quot;controls&quot;:&quot;yes&quot;}\" data-widget_type=\"video.default\">\n\t\t\t\t<div class=\"elementor-widget-container\">\n\t\t\t\t\t\t\t<div class=\"elementor-wrapper elementor-open-inline\">\n\t\t\t<div class=\"elementor-video\"><\/div>\t\t<\/div>\n\t\t\t\t\t\t<\/div>\n\t\t\t\t<\/div>\n\t\t\t\t\t<\/div>\n\t\t<\/div>\n\t\t\t\t<div class=\"elementor-column elementor-col-25 elementor-top-column elementor-element elementor-element-07e8a1d\" data-id=\"07e8a1d\" data-element_type=\"column\" data-e-type=\"column\">\n\t\t\t<div class=\"elementor-widget-wrap\">\n\t\t\t\t\t\t\t<\/div>\n\t\t<\/div>\n\t\t\t\t\t<\/div>\n\t\t<\/section>\n\t\t\t\t<section class=\"elementor-section elementor-top-section elementor-element elementor-element-183e66e elementor-section-boxed elementor-section-height-default elementor-section-height-default\" data-id=\"183e66e\" data-element_type=\"section\" data-e-type=\"section\">\n\t\t\t\t\t\t<div class=\"elementor-container elementor-column-gap-default\">\n\t\t\t\t\t<div class=\"elementor-column elementor-col-100 elementor-top-column elementor-element elementor-element-cb43f1f\" data-id=\"cb43f1f\" data-element_type=\"column\" data-e-type=\"column\">\n\t\t\t<div class=\"elementor-widget-wrap\">\n\t\t\t\t\t\t\t<\/div>\n\t\t<\/div>\n\t\t\t\t\t<\/div>\n\t\t<\/section>\n\t\t\t\t<section class=\"elementor-section elementor-top-section elementor-element elementor-element-fa1f4a8 elementor-section-boxed elementor-section-height-default elementor-section-height-default\" data-id=\"fa1f4a8\" data-element_type=\"section\" data-e-type=\"section\">\n\t\t\t\t\t\t<div class=\"elementor-container elementor-column-gap-default\">\n\t\t\t\t\t<div class=\"elementor-column elementor-col-25 elementor-top-column elementor-element elementor-element-ef6f220\" data-id=\"ef6f220\" data-element_type=\"column\" data-e-type=\"column\">\n\t\t\t<div class=\"elementor-widget-wrap elementor-element-populated\">\n\t\t\t\t\t\t<div class=\"elementor-element elementor-element-fd8734c elementor-widget elementor-widget-heading\" data-id=\"fd8734c\" data-element_type=\"widget\" data-e-type=\"widget\" data-widget_type=\"heading.default\">\n\t\t\t\t<div class=\"elementor-widget-container\">\n\t\t\t\t\t<h2 class=\"elementor-heading-title elementor-size-default\">PM International<\/h2>\t\t\t\t<\/div>\n\t\t\t\t<\/div>\n\t\t\t\t<div class=\"elementor-element elementor-element-1ba44c3 elementor-widget elementor-widget-text-editor\" data-id=\"1ba44c3\" data-element_type=\"widget\" data-e-type=\"widget\" data-widget_type=\"text-editor.default\">\n\t\t\t\t<div class=\"elementor-widget-container\">\n\t\t\t\t\t\t\t\t\t<h2 style=\"text-align: center;\"><b>Salud, Belleza, Bienestar y mantener los niveles de rendimiento. \u00bfQui\u00e9n no quiere esto?<\/b><\/h2><p>\u00a0<\/p><p style=\"text-align: center;\">PM-International FitLine y FitLine Skin, productos que te ayudar\u00e1n a lograr estos objetivos, incluso en una edad avanzada.<\/p><p>Los suplementos alimenticios de nuestra l\u00ednea FitLine son altamente nutritivos, incluyen el exclusivo Concepto de Transporte de Nutrientes (NTC\u00ae ). <b>NTC transporta los nutrientes a los lugares donde nuestro cuerpo lo necesita exactamente y cuando son necesarios, a nivel celular. <\/b>Con FitLine desde el interior y FitLine Skin desde el exterior.<\/p><p>Para que te sientas en forma y alegre. En Alemania y en el extranjero <strong>muchos aficionados\u00a0 y deportistas aprecian las ventajas de los productos FitLine<\/strong>. PM-International ayuda a los deportistas <strong>para que contin\u00faen cumpliendo al m\u00e1s alto nivel<\/strong> gracias al alto valor nutritivo de los suplementos.<\/p><p>Los productos cosm\u00e9ticos en la l\u00ednea FitLine Skin tambi\u00e9n est\u00e1n perfectamente dise\u00f1ados para ofrecer la mayor calidad y eficiencia. Gracias al Concepto de Transporte de\u00a0 Nutrientes, NTC\u00ae, que combina perfectamente los ingredientes para que lleguen hasta las capas m\u00e1s profundas de la piel. Te ofrecemos limpieza, cuidado y anti-envejecimiento, los sistemas han sido perfectamente adaptados a tu tipo de piel y cumplen todos tus deseos.<\/p><p>Nuestros productos de regeneraci\u00f3n celular son fabricados de acuerdo al estandar GMP \u201cGood Manufacturing Practice\u00bb .<strong> Se garantiza la m\u00e1s alta pureza y\u00a0 un nivel de calidad alto constantemente. La prueba de ello, son los centenares de miles de clientes satisfechos en todo el mundo, conv\u00e9ncete por ti mismo y ver\u00e1s c\u00f3mo vale la pena.<\/strong><\/p>\t\t\t\t\t\t\t\t<\/div>\n\t\t\t\t<\/div>\n\t\t\t\t<div class=\"elementor-element elementor-element-8f3b9d0 elementor-widget elementor-widget-video\" data-id=\"8f3b9d0\" data-element_type=\"widget\" data-e-type=\"widget\" data-settings=\"{&quot;youtube_url&quot;:&quot;https:\\\/\\\/www.youtube.com\\\/watch?v=V9mAHBV-EEY&quot;,&quot;video_type&quot;:&quot;youtube&quot;,&quot;controls&quot;:&quot;yes&quot;}\" data-widget_type=\"video.default\">\n\t\t\t\t<div class=\"elementor-widget-container\">\n\t\t\t\t\t\t\t<div class=\"elementor-wrapper elementor-open-inline\">\n\t\t\t<div class=\"elementor-video\"><\/div>\t\t<\/div>\n\t\t\t\t\t\t<\/div>\n\t\t\t\t<\/div>\n\t\t\t\t\t<\/div>\n\t\t<\/div>\n\t\t\t\t<div class=\"elementor-column elementor-col-50 elementor-top-column elementor-element elementor-element-468ecb6\" data-id=\"468ecb6\" data-element_type=\"column\" data-e-type=\"column\">\n\t\t\t<div class=\"elementor-widget-wrap\">\n\t\t\t\t\t\t\t<\/div>\n\t\t<\/div>\n\t\t\t\t<div class=\"elementor-column elementor-col-25 elementor-top-column elementor-element elementor-element-be9f23c\" data-id=\"be9f23c\" data-element_type=\"column\" data-e-type=\"column\">\n\t\t\t<div class=\"elementor-widget-wrap elementor-element-populated\">\n\t\t\t\t\t\t<div class=\"elementor-element elementor-element-6167159 elementor-widget elementor-widget-heading\" data-id=\"6167159\" data-element_type=\"widget\" data-e-type=\"widget\" data-widget_type=\"heading.default\">\n\t\t\t\t<div class=\"elementor-widget-container\">\n\t\t\t\t\t<h2 class=\"elementor-heading-title elementor-size-default\">Productos FitLine, Innovaci\u00f3n y Calidad<\/h2>\t\t\t\t<\/div>\n\t\t\t\t<\/div>\n\t\t\t\t<div class=\"elementor-element elementor-element-1736173 elementor-widget elementor-widget-text-editor\" data-id=\"1736173\" data-element_type=\"widget\" data-e-type=\"widget\" data-widget_type=\"text-editor.default\">\n\t\t\t\t<div class=\"elementor-widget-container\">\n\t\t\t\t\t\t\t\t\t<h2 style=\"text-align: center;\"><strong>En cuanto a calidad se refiere, PM-International va m\u00e1s all\u00e1 de respetar est\u00e1ndares establecidos y requeridos.<\/strong><\/h2><p>\u00a0<\/p><p>Nuestros productos de suplemento nutricional de alta calidad de la marca de <strong>FitLine <\/strong>y la serie de cosm\u00e9ticos <strong>FitLine Skin<\/strong>, por lo tanto, se han desarrollado y verificado, seg\u00fan los \u00faltimos hallazgos de investigaci\u00f3n y ciencia. Nuestros productos se destacan por la mayor seguridad en cuanto a elecci\u00f3n \u00f3ptima, el tratamiento y la bioavialabililty del contenido de nutrientes que se refiere, y se fabrican de acuerdo a las estrictas normas de buenas pr\u00e1cticas de fabricaci\u00f3n v\u00e1lida para la industria farmac\u00e9utica.<\/p><p>M\u00e1s de 600 millones de productos vendidos,\u00a0 son apreciados y utilizados regularmente por m\u00e1s de 100.000 clientes en todo el mundo, confirman que vamos por el buen camino con nuestra forma de entender la seguridad y la satisfacci\u00f3n del cliente.<\/p><p><b>FitLine se ha establecido en deportistas de \u00e9lite<\/b><br \/>Sobre todo en deportes superiores, las demandas de calidad y seguridad son particularmente altas. Durante a\u00f1os FitLine ha sido la primera opci\u00f3n para numerosos atletas de \u00e9lite de todo el mundo. Son usuarios de FitLine convencidos que ponen una gran confianza en los productos para mejorar su mejor actuaci\u00f3n personal. Su gran confianza deposita en FitLine se funda, en gran medida, en la obligaci\u00f3n voluntaria de\u00a0 P.M-International de tener los productos FitLine, con regularidad examinados de esteroides anab\u00f3licos-androgene relevantes para el dopaje.<br \/>(La \u2018Lista de Colonia\u2019 es una lista del Centro Ol\u00edmpico en el Rin, de suplementos nutricionales con un riesgo de dopaje minimizado; m\u00e1s informaci\u00f3n proporciona sobre este tema en : <a href=\"http:\/\/www.koelnerliste.com\/\" target=\"_blank\" rel=\"noopener\"><strong>www.koelnerliste.com<\/strong><\/a>)<\/p><p>.. porque todo esto en conjunto hace que <strong>FitLine y FitLine Skin<\/strong>, con numerosos productos exclusivos, hayan sido <strong>patentados <\/strong>como una consecuencia l\u00f3gica.<\/p>\t\t\t\t\t\t\t\t<\/div>\n\t\t\t\t<\/div>\n\t\t\t\t<div class=\"elementor-element elementor-element-0831d3f elementor-widget elementor-widget-video\" data-id=\"0831d3f\" data-element_type=\"widget\" data-e-type=\"widget\" data-settings=\"{&quot;youtube_url&quot;:&quot;https:\\\/\\\/youtu.be\\\/kEHq2DEJTf8&quot;,&quot;video_type&quot;:&quot;youtube&quot;,&quot;controls&quot;:&quot;yes&quot;}\" data-widget_type=\"video.default\">\n\t\t\t\t<div class=\"elementor-widget-container\">\n\t\t\t\t\t\t\t<div class=\"elementor-wrapper elementor-open-inline\">\n\t\t\t<div class=\"elementor-video\"><\/div>\t\t<\/div>\n\t\t\t\t\t\t<\/div>\n\t\t\t\t<\/div>\n\t\t\t\t\t<\/div>\n\t\t<\/div>\n\t\t\t\t\t<\/div>\n\t\t<\/section>\n\t\t\t\t<section class=\"elementor-section elementor-top-section elementor-element elementor-element-1c42529 elementor-section-boxed elementor-section-height-default elementor-section-height-default\" data-id=\"1c42529\" data-element_type=\"section\" data-e-type=\"section\">\n\t\t\t\t\t\t<div class=\"elementor-container elementor-column-gap-default\">\n\t\t\t\t\t<div class=\"elementor-column elementor-col-100 elementor-top-column elementor-element elementor-element-69d8c42\" data-id=\"69d8c42\" data-element_type=\"column\" data-e-type=\"column\">\n\t\t\t<div class=\"elementor-widget-wrap elementor-element-populated\">\n\t\t\t\t\t\t\t<\/div>\n\t\t<\/div>\n\t\t\t\t\t<\/div>\n\t\t<\/section>\n\t\t\t\t<section class=\"elementor-section elementor-top-section elementor-element elementor-element-bcc886a elementor-section-boxed elementor-section-height-default elementor-section-height-default\" data-id=\"bcc886a\" data-element_type=\"section\" data-e-type=\"section\">\n\t\t\t\t\t\t<div class=\"elementor-container elementor-column-gap-default\">\n\t\t\t\t\t<div class=\"elementor-column elementor-col-100 elementor-top-column elementor-element elementor-element-1ed1b64\" data-id=\"1ed1b64\" data-element_type=\"column\" data-e-type=\"column\">\n\t\t\t<div class=\"elementor-widget-wrap elementor-element-populated\">\n\t\t\t\t\t\t<div class=\"elementor-element elementor-element-14f2212 elementor-widget elementor-widget-wpforms\" data-id=\"14f2212\" data-element_type=\"widget\" data-e-type=\"widget\" data-widget_type=\"wpforms.default\">\n\t\t\t\t<div class=\"elementor-widget-container\">\n\t\t\t\t\t<div class=\"wpforms-container wpforms-container-full\" id=\"wpforms-73\"><form id=\"wpforms-form-73\" class=\"wpforms-validate wpforms-form\" data-formid=\"73\" method=\"post\" enctype=\"multipart\/form-data\" action=\"\/index.php\/wp-json\/wp\/v2\/pages\/231\" data-token=\"dc2648b5563527ba0f36cb5773849a32\" data-token-time=\"1778847740\"><noscript class=\"wpforms-error-noscript\">Por favor, activa JavaScript en tu navegador para completar este formulario.<\/noscript><div class=\"wpforms-field-container\"><div id=\"wpforms-73-field_0-container\" class=\"wpforms-field wpforms-field-name\" data-field-id=\"0\"><label class=\"wpforms-field-label\">Nombre <span class=\"wpforms-required-label\">*<\/span><\/label><div class=\"wpforms-field-row wpforms-field-medium\"><div class=\"wpforms-field-row-block wpforms-first wpforms-one-half\"><input type=\"text\" id=\"wpforms-73-field_0\" class=\"wpforms-field-name-first wpforms-field-required\" name=\"wpforms[fields][0][first]\" required><label for=\"wpforms-73-field_0\" class=\"wpforms-field-sublabel after\">Nombre<\/label><\/div><div class=\"wpforms-field-row-block wpforms-one-half\"><input type=\"text\" id=\"wpforms-73-field_0-last\" class=\"wpforms-field-name-last wpforms-field-required\" name=\"wpforms[fields][0][last]\" required><label for=\"wpforms-73-field_0-last\" class=\"wpforms-field-sublabel after\">Apellidos<\/label><\/div><\/div><\/div><div id=\"wpforms-73-field_1-container\" class=\"wpforms-field wpforms-field-email\" data-field-id=\"1\"><label class=\"wpforms-field-label\" for=\"wpforms-73-field_1\">Correo electr\u00f3nico <span class=\"wpforms-required-label\">*<\/span><\/label><input type=\"email\" id=\"wpforms-73-field_1\" class=\"wpforms-field-medium wpforms-field-required\" name=\"wpforms[fields][1]\" spellcheck=\"false\" required><\/div><div id=\"wpforms-73-field_2-container\" class=\"wpforms-field wpforms-field-textarea\" data-field-id=\"2\"><label class=\"wpforms-field-label\" for=\"wpforms-73-field_2\">Comentario o mensaje <span class=\"wpforms-required-label\">*<\/span><\/label><textarea id=\"wpforms-73-field_2\" class=\"wpforms-field-medium wpforms-field-required\" name=\"wpforms[fields][2]\" required><\/textarea><\/div><\/div><!-- .wpforms-field-container --><div class=\"wpforms-submit-container\" ><input type=\"hidden\" name=\"wpforms[id]\" value=\"73\"><input type=\"hidden\" name=\"page_title\" value=\"\"><input type=\"hidden\" name=\"page_url\" value=\"https:\/\/salud.marcolozada.com\/index.php\/wp-json\/wp\/v2\/pages\/231\"><input type=\"hidden\" name=\"url_referer\" value=\"\"><button type=\"submit\" name=\"wpforms[submit]\" id=\"wpforms-submit-73\" class=\"wpforms-submit\" data-alt-text=\"Enviando...\" data-submit-text=\"Enviar\" aria-live=\"assertive\" value=\"wpforms-submit\">Enviar<\/button><\/div><\/form><\/div>  <!-- .wpforms-container -->\t\t\t\t<\/div>\n\t\t\t\t<\/div>\n\t\t\t\t\t<\/div>\n\t\t<\/div>\n\t\t\t\t\t<\/div>\n\t\t<\/section>\n\t\t\t\t<\/div>\n\t\t","protected":false},"excerpt":{"rendered":"<p>\u00bfQu\u00e9 es PM-International y c\u00f3mo funciona? PM International comenz\u00f3 en 1993 como P.M. Productos cosm\u00e9ticos. Hoy PM International es una compa\u00f1\u00eda de MLM que opera en el segmentos de los suplementos nutricionales y en el nicho del cuidado personal en el MLM. nutricional y nichos de la industria del network marketing. La compa\u00f1\u00eda tiene su<\/p>\n<div class=\"more-link\">\n\t\t\t\t <a href=\"https:\/\/salud.marcolozada.com\/index.php\/inicio\/\" class=\"btn theme-btn inverted\"><span>Continue Reading  <\/span><\/a>\n\t\t\t<\/div>\n","protected":false},"author":1,"featured_media":0,"parent":0,"menu_order":0,"comment_status":"closed","ping_status":"closed","template":"","meta":{"footnotes":""},"class_list":["post-231","page","type-page","status-publish","hentry"],"aioseo_notices":[],"blog_post_layout_featured_media_urls":{"thumbnail":"","full":""},"categories_names":null,"comments_number":"0","_links":{"self":[{"href":"https:\/\/salud.marcolozada.com\/index.php\/wp-json\/wp\/v2\/pages\/231","targetHints":{"allow":["GET"]}}],"collection":[{"href":"https:\/\/salud.marcolozada.com\/index.php\/wp-json\/wp\/v2\/pages"}],"about":[{"href":"https:\/\/salud.marcolozada.com\/index.php\/wp-json\/wp\/v2\/types\/page"}],"author":[{"embeddable":true,"href":"https:\/\/salud.marcolozada.com\/index.php\/wp-json\/wp\/v2\/users\/1"}],"replies":[{"embeddable":true,"href":"https:\/\/salud.marcolozada.com\/index.php\/wp-json\/wp\/v2\/comments?post=231"}],"version-history":[{"count":22,"href":"https:\/\/salud.marcolozada.com\/index.php\/wp-json\/wp\/v2\/pages\/231\/revisions"}],"predecessor-version":[{"id":1173,"href":"https:\/\/salud.marcolozada.com\/index.php\/wp-json\/wp\/v2\/pages\/231\/revisions\/1173"}],"wp:attachment":[{"href":"https:\/\/salud.marcolozada.com\/index.php\/wp-json\/wp\/v2\/media?parent=231"}],"curies":[{"name":"wp","href":"https:\/\/api.w.org\/{rel}","templated":true}]}}