{"id":1038,"date":"2024-03-27T06:07:56","date_gmt":"2024-03-27T06:07:56","guid":{"rendered":"https:\/\/salud.marcolozada.com\/?page_id=1038"},"modified":"2024-03-28T00:49:01","modified_gmt":"2024-03-28T00:49:01","slug":"fitline-beauty","status":"publish","type":"page","link":"https:\/\/salud.marcolozada.com\/index.php\/fitline-beauty\/","title":{"rendered":"FitLine Beauty"},"content":{"rendered":"\t\t<div data-elementor-type=\"wp-page\" data-elementor-id=\"1038\" class=\"elementor elementor-1038\">\n\t\t\t\t\t\t<section class=\"elementor-section elementor-top-section elementor-element elementor-element-46a44a8 elementor-section-boxed elementor-section-height-default elementor-section-height-default\" data-id=\"46a44a8\" data-element_type=\"section\" data-e-type=\"section\">\n\t\t\t\t\t\t<div class=\"elementor-container elementor-column-gap-default\">\n\t\t\t\t\t<div class=\"elementor-column elementor-col-33 elementor-top-column elementor-element elementor-element-3fdae25\" data-id=\"3fdae25\" data-element_type=\"column\" data-e-type=\"column\">\n\t\t\t<div class=\"elementor-widget-wrap elementor-element-populated\">\n\t\t\t\t\t\t<div class=\"elementor-element elementor-element-14710bd elementor-widget elementor-widget-image\" data-id=\"14710bd\" data-element_type=\"widget\" data-e-type=\"widget\" data-widget_type=\"image.default\">\n\t\t\t\t<div class=\"elementor-widget-container\">\n\t\t\t\t\t\t\t\t\t\t\t\t\t\t\t\t<a href=\"http:\/\/20285936.fitline.com\/0709028\">\n\t\t\t\t\t\t\t<img fetchpriority=\"high\" decoding=\"async\" width=\"480\" height=\"480\" src=\"https:\/\/salud.marcolozada.com\/wp-content\/uploads\/2024\/03\/Beauty_0709028.png\" class=\"attachment-large size-large wp-image-1041\" alt=\"\" srcset=\"https:\/\/salud.marcolozada.com\/wp-content\/uploads\/2024\/03\/Beauty_0709028.png 480w, https:\/\/salud.marcolozada.com\/wp-content\/uploads\/2024\/03\/Beauty_0709028-300x300.png 300w, https:\/\/salud.marcolozada.com\/wp-content\/uploads\/2024\/03\/Beauty_0709028-150x150.png 150w\" sizes=\"(max-width: 480px) 100vw, 480px\" \/>\t\t\t\t\t\t\t\t<\/a>\n\t\t\t\t\t\t\t\t\t\t\t\t\t\t\t<\/div>\n\t\t\t\t<\/div>\n\t\t\t\t<div class=\"elementor-element elementor-element-2e9c21e elementor-align-center elementor-widget elementor-widget-button\" data-id=\"2e9c21e\" data-element_type=\"widget\" data-e-type=\"widget\" data-widget_type=\"button.default\">\n\t\t\t\t<div class=\"elementor-widget-container\">\n\t\t\t\t\t\t\t\t\t<div class=\"elementor-button-wrapper\">\n\t\t\t\t\t<a class=\"elementor-button elementor-button-link elementor-size-sm\" href=\"http:\/\/20285936.fitline.com\/0709028\">\n\t\t\t\t\t\t<span class=\"elementor-button-content-wrapper\">\n\t\t\t\t\t\t<span class=\"elementor-button-icon\">\n\t\t\t\t<i aria-hidden=\"true\" class=\"fas fa-shopping-cart\"><\/i>\t\t\t<\/span>\n\t\t\t\t\t\t\t\t\t<span class=\"elementor-button-text\">Ir a Tienda<\/span>\n\t\t\t\t\t<\/span>\n\t\t\t\t\t<\/a>\n\t\t\t\t<\/div>\n\t\t\t\t\t\t\t\t<\/div>\n\t\t\t\t<\/div>\n\t\t\t\t\t<\/div>\n\t\t<\/div>\n\t\t\t\t<div class=\"elementor-column elementor-col-66 elementor-top-column elementor-element elementor-element-da62098\" data-id=\"da62098\" data-element_type=\"column\" data-e-type=\"column\">\n\t\t\t<div class=\"elementor-widget-wrap elementor-element-populated\">\n\t\t\t\t\t\t<div class=\"elementor-element elementor-element-25b3bd0 elementor-widget elementor-widget-text-editor\" data-id=\"25b3bd0\" data-element_type=\"widget\" data-e-type=\"widget\" data-widget_type=\"text-editor.default\">\n\t\t\t\t<div class=\"elementor-widget-container\">\n\t\t\t\t\t\t\t\t\t<h3 style=\"border: 0px; font-family: 'Clan Pro', sans-serif; margin-top: 32px; outline: 0px; vertical-align: baseline; font-size: 20px; line-height: 28px; letter-spacing: -0.02em; caret-color: #090909; color: #090909;\">Descripci\u00f3n<\/h3><div style=\"border: 0px; font-family: 'Helvetica Neue', sans-serif; margin: 32px 0px 0px; outline: 0px; padding: 0px; vertical-align: baseline; caret-color: #090909; color: #090909;\"><p style=\"border: 0px; font-family: inherit; font-style: inherit; outline: 0px; padding-bottom: 0px; vertical-align: baseline;\"><b style=\"margin-top: 0px !important;\">Complemento Alimenticio<\/b><\/p><p style=\"border: 0px; font-family: inherit; font-style: inherit; margin-top: 16px; outline: 0px; padding-bottom: 0px; vertical-align: baseline;\">Bebida para la belleza<br style=\"margin-top: 0px !important;\" \/>Muestra tu mejor cara &#8211; Experimenta una piel radiante* y un cabello** y u\u00f1as bonitos**.<\/p><p style=\"border: 0px; font-family: inherit; font-style: inherit; margin-top: 16px; outline: 0px; padding-bottom: 0px; vertical-align: baseline;\">El producto contiene una mezcla \u00fanica de p\u00e9ptidos de col\u00e1geno, plantas\u00a0y extractos de hierbas, vitaminas y minerales para apoyar tu piel desde el interior. Con delicioso sabor a frutos rojos.<\/p><p style=\"border: 0px; font-family: inherit; font-style: inherit; margin-top: 16px; outline: 0px; padding-bottom: 0px; vertical-align: baseline;\"><br style=\"margin-top: 0px !important;\" \/>&#8211; Protecci\u00f3n para una piel bella y joven**.<br \/>&#8211; Mejora la elasticidad de la piel**<br \/>&#8211; Cabello bonito y con volumen***<br \/>&#8211; Preservaci\u00f3n de unas u\u00f1as fuertes***<br \/>&#8211; Protege las c\u00e9lulas del estr\u00e9s oxidativo gracias al zinc y al cobre*.<\/p><p style=\"border: 0px; font-family: inherit; font-style: inherit; margin-top: 16px; outline: 0px; padding-bottom: 0px; vertical-align: baseline;\">FitLine Beauty no contiene az\u00facar, gluten, lactosa ni conservadores.<\/p><p style=\"border: 0px; font-family: inherit; font-style: inherit; margin-top: 16px; outline: 0px; padding-bottom: 0px; vertical-align: baseline;\">*La vitamina C, la vitamina E, el zinc y el cobre contribuyen a la protecci\u00f3n de las c\u00e9lulas frente al estr\u00e9s oxidativo.<br style=\"margin-top: 0px !important;\" \/>**La vitamina C contribuye a la formaci\u00f3n normal de col\u00e1geno para el funcionamiento normal de la piel. El cobre contribuye al mantenimiento de los tejidos conjuntivos normales.<br \/>***La vitamina C, la biotina y el zinc contribuyen al mantenimiento normal de la piel, el cabello y las u\u00f1as<\/p><h3 class=\"bold\" style=\"border: 0px; font-family: 'Clan Pro', sans-serif; margin-top: 32px; outline: 0px; vertical-align: baseline; font-size: 20px; line-height: 28px; letter-spacing: -0.02em; color: #090909;\">Modo de empleo<\/h3><div style=\"border: 0px; margin: 32px 0px 0px; outline: 0px; padding: 0px; vertical-align: baseline;\"><p style=\"border: 0px; font-family: inherit; font-style: inherit; outline: 0px; padding-bottom: 0px; vertical-align: baseline;\">PREPARACI\u00d3N \/ RECOMENDACI\u00d3N: A\u00f1adir 1 cucharada\u00a0(6,5 g) en un vaso vac\u00edo, a\u00f1adir 150 ml de agua sin gas y remover hasta que se disuelva el polvo. Tomar una vez al d\u00eda.<\/p><\/div><\/div>\t\t\t\t\t\t\t\t<\/div>\n\t\t\t\t<\/div>\n\t\t\t\t\t<\/div>\n\t\t<\/div>\n\t\t\t\t\t<\/div>\n\t\t<\/section>\n\t\t\t\t<section class=\"elementor-section elementor-top-section elementor-element elementor-element-e157d1c elementor-section-boxed elementor-section-height-default elementor-section-height-default\" data-id=\"e157d1c\" data-element_type=\"section\" data-e-type=\"section\">\n\t\t\t\t\t\t<div class=\"elementor-container elementor-column-gap-default\">\n\t\t\t\t\t<div class=\"elementor-column elementor-col-100 elementor-top-column elementor-element elementor-element-7611fd9\" data-id=\"7611fd9\" data-element_type=\"column\" data-e-type=\"column\">\n\t\t\t<div class=\"elementor-widget-wrap elementor-element-populated\">\n\t\t\t\t\t\t<div class=\"elementor-element elementor-element-03ac2be elementor-widget elementor-widget-text-editor\" data-id=\"03ac2be\" data-element_type=\"widget\" data-e-type=\"widget\" data-widget_type=\"text-editor.default\">\n\t\t\t\t<div class=\"elementor-widget-container\">\n\t\t\t\t\t\t\t\t\t<h5><span style=\"font-weight: bolder;\"><em>Si tienes dudas sobre los productos, el como adquirirlos, o sobre la forma de pago, escr\u00edbenos a trav\u00e9s del siguiente formulario y con gusto te asesoramos&#8230;<\/em><\/span><\/h5><div>\u00a0<\/div>\t\t\t\t\t\t\t\t<\/div>\n\t\t\t\t<\/div>\n\t\t\t\t<div class=\"elementor-element elementor-element-8e99ca8 elementor-widget elementor-widget-wpforms\" data-id=\"8e99ca8\" data-element_type=\"widget\" data-e-type=\"widget\" data-widget_type=\"wpforms.default\">\n\t\t\t\t<div class=\"elementor-widget-container\">\n\t\t\t\t\t<div class=\"wpforms-container wpforms-container-full\" id=\"wpforms-73\"><form id=\"wpforms-form-73\" class=\"wpforms-validate wpforms-form\" data-formid=\"73\" method=\"post\" enctype=\"multipart\/form-data\" action=\"\/index.php\/wp-json\/wp\/v2\/pages\/1038\" data-token=\"dc2648b5563527ba0f36cb5773849a32\" data-token-time=\"1778847777\"><noscript class=\"wpforms-error-noscript\">Por favor, activa JavaScript en tu navegador para completar este formulario.<\/noscript><div class=\"wpforms-field-container\"><div id=\"wpforms-73-field_0-container\" class=\"wpforms-field wpforms-field-name\" data-field-id=\"0\"><label class=\"wpforms-field-label\">Nombre <span class=\"wpforms-required-label\">*<\/span><\/label><div class=\"wpforms-field-row wpforms-field-medium\"><div class=\"wpforms-field-row-block wpforms-first wpforms-one-half\"><input type=\"text\" id=\"wpforms-73-field_0\" class=\"wpforms-field-name-first wpforms-field-required\" name=\"wpforms[fields][0][first]\" required><label for=\"wpforms-73-field_0\" class=\"wpforms-field-sublabel after\">Nombre<\/label><\/div><div class=\"wpforms-field-row-block wpforms-one-half\"><input type=\"text\" id=\"wpforms-73-field_0-last\" class=\"wpforms-field-name-last wpforms-field-required\" name=\"wpforms[fields][0][last]\" required><label for=\"wpforms-73-field_0-last\" class=\"wpforms-field-sublabel after\">Apellidos<\/label><\/div><\/div><\/div><div id=\"wpforms-73-field_1-container\" class=\"wpforms-field wpforms-field-email\" data-field-id=\"1\"><label class=\"wpforms-field-label\" for=\"wpforms-73-field_1\">Correo electr\u00f3nico <span class=\"wpforms-required-label\">*<\/span><\/label><input type=\"email\" id=\"wpforms-73-field_1\" class=\"wpforms-field-medium wpforms-field-required\" name=\"wpforms[fields][1]\" spellcheck=\"false\" required><\/div><div id=\"wpforms-73-field_2-container\" class=\"wpforms-field wpforms-field-textarea\" data-field-id=\"2\"><label class=\"wpforms-field-label\" for=\"wpforms-73-field_2\">Comentario o mensaje <span class=\"wpforms-required-label\">*<\/span><\/label><textarea id=\"wpforms-73-field_2\" class=\"wpforms-field-medium wpforms-field-required\" name=\"wpforms[fields][2]\" required><\/textarea><\/div><\/div><!-- .wpforms-field-container --><div class=\"wpforms-submit-container\" ><input type=\"hidden\" name=\"wpforms[id]\" value=\"73\"><input type=\"hidden\" name=\"page_title\" value=\"\"><input type=\"hidden\" name=\"page_url\" value=\"https:\/\/salud.marcolozada.com\/index.php\/wp-json\/wp\/v2\/pages\/1038\"><input type=\"hidden\" name=\"url_referer\" value=\"\"><button type=\"submit\" name=\"wpforms[submit]\" id=\"wpforms-submit-73\" class=\"wpforms-submit\" data-alt-text=\"Enviando...\" data-submit-text=\"Enviar\" aria-live=\"assertive\" value=\"wpforms-submit\">Enviar<\/button><\/div><\/form><\/div>  <!-- .wpforms-container -->\t\t\t\t<\/div>\n\t\t\t\t<\/div>\n\t\t\t\t\t<\/div>\n\t\t<\/div>\n\t\t\t\t\t<\/div>\n\t\t<\/section>\n\t\t\t\t<\/div>\n\t\t","protected":false},"excerpt":{"rendered":"<p>Ir a Tienda Descripci\u00f3n Complemento Alimenticio Bebida para la bellezaMuestra tu mejor cara &#8211; Experimenta una piel radiante* y un cabello** y u\u00f1as bonitos**. El producto contiene una mezcla \u00fanica de p\u00e9ptidos de col\u00e1geno, plantas\u00a0y extractos de hierbas, vitaminas y minerales para apoyar tu piel desde el interior. Con delicioso sabor a frutos rojos. &#8211;<\/p>\n<div class=\"more-link\">\n\t\t\t\t <a href=\"https:\/\/salud.marcolozada.com\/index.php\/fitline-beauty\/\" class=\"btn theme-btn inverted\"><span>Continue Reading  <\/span><\/a>\n\t\t\t<\/div>\n","protected":false},"author":1,"featured_media":0,"parent":0,"menu_order":0,"comment_status":"closed","ping_status":"closed","template":"","meta":{"footnotes":""},"class_list":["post-1038","page","type-page","status-publish","hentry"],"aioseo_notices":[],"blog_post_layout_featured_media_urls":{"thumbnail":"","full":""},"categories_names":null,"comments_number":"0","_links":{"self":[{"href":"https:\/\/salud.marcolozada.com\/index.php\/wp-json\/wp\/v2\/pages\/1038","targetHints":{"allow":["GET"]}}],"collection":[{"href":"https:\/\/salud.marcolozada.com\/index.php\/wp-json\/wp\/v2\/pages"}],"about":[{"href":"https:\/\/salud.marcolozada.com\/index.php\/wp-json\/wp\/v2\/types\/page"}],"author":[{"embeddable":true,"href":"https:\/\/salud.marcolozada.com\/index.php\/wp-json\/wp\/v2\/users\/1"}],"replies":[{"embeddable":true,"href":"https:\/\/salud.marcolozada.com\/index.php\/wp-json\/wp\/v2\/comments?post=1038"}],"version-history":[{"count":19,"href":"https:\/\/salud.marcolozada.com\/index.php\/wp-json\/wp\/v2\/pages\/1038\/revisions"}],"predecessor-version":[{"id":1131,"href":"https:\/\/salud.marcolozada.com\/index.php\/wp-json\/wp\/v2\/pages\/1038\/revisions\/1131"}],"wp:attachment":[{"href":"https:\/\/salud.marcolozada.com\/index.php\/wp-json\/wp\/v2\/media?parent=1038"}],"curies":[{"name":"wp","href":"https:\/\/api.w.org\/{rel}","templated":true}]}}